{"id":135,"date":"2020-10-07T10:34:22","date_gmt":"2020-10-07T08:34:22","guid":{"rendered":"https:\/\/www.waves.fashion\/?page_id=135"},"modified":"2024-12-11T17:59:49","modified_gmt":"2024-12-11T16:59:49","slug":"start","status":"publish","type":"page","link":"https:\/\/www.waves.fashion\/de\/","title":{"rendered":"Start"},"content":{"rendered":"\n<h1 class=\"wp-block-heading has-text-align-left has-huge-font-size\"><strong>Waves \u2013 100% biologisch abbaubare Flip-Flops<\/strong><\/h1>\n\n\n\n<div style=\"height:50px\" aria-hidden=\"true\" class=\"wp-block-spacer\"><\/div>\n\n\n\n<h4 class=\"wp-block-heading has-medium-font-size\">Komfort und Langlebigkeit dank Naturkautschuk<\/h4>\n\n\n\n<p>Wir wollen mit unseren Zehentrennern euren F\u00fc\u00dfen etwas Gutes tun und gleichzeitig die Umwelt vor weiteren Sch\u00e4den und Belastungen der Industrie bewahren. Naturkautschuk ist daher ein hervorragender Rohstoff und eignet sich perfekt f\u00fcr die Herstellung von umweltfreundlichen Flip-Flops, die der Natur keinerlei Schaden zuf\u00fcgen. Das schwammartige, leichte Material des Naturkautschuks beinhaltet von Natur aus, eine intelligente Technologie. Dank dieser ist das Gummi in der Lage, sich auf nat\u00fcrliche Weise Deinem Fu\u00df anzupassen und Dir somit einen hohen Komfort und Halt beim Tragen zu bieten. Du merkst kaum, dass du einen Schuh an den F\u00fc\u00dfen hast und l\u00e4stige Blasen zwischen Deinen Zehen sind f\u00fcr allemal pass\u00e9.<\/p>\n\n\n\n<div style=\"height:30px\" aria-hidden=\"true\" class=\"wp-block-spacer\"><\/div>\n\n\n\n<p class=\"has-medium-font-size\"><strong>Was ist der Unterschied zu herk\u00f6mmlichen recycelten Flip-Flops?<\/strong><\/p>\n\n\n\n<p>Wir bei Waves haben schnell das Problem mit Kunststoff und Kunststoff-Recycling erkannt und dementsprechend gehandelt. Es werden weltweit nur 9 Prozent des anfallenden Plastikm\u00fclls recycelt, 12 Prozent verbrannt und der Gro\u00dfteil von stolzen 79 Prozent deponiert oder in der Umwelt entsorgt. Es ist also kein Wunder, dass im Jahr 2050 mehr Plastik im Meer schwimmen k\u00f6nnte als Fische. Diese Zahlen sind erschreckend, daher m\u00f6chten wir der Entwicklung entgegensteuern und Flip-Flops herstellen, die zu 100% biologisch abbaubar sind und sich somit unsch\u00e4dlich im Boden zersetzen. Durch den Naturkautschuk sind diese Eigenschaften gegeben und der Schuh w\u00fcrde sich auch bei einem Verlust komplett im Boden abbauen und keine Spuren in der Natur hinterlassen. F\u00fcr uns ist Kunststoffrecycling keine langfristige L\u00f6sung \u2013 dass Unternehmen Plastik wiederverwenden, den die Verbraucher*innen nicht mehr ben\u00f6tigen, ist eine l\u00f6bliche Tatsache, jedoch wird auch dieses Plastik zersetzt und schlie\u00dflich seinen Weg auf die M\u00fclldeponie finden. <\/p>\n\n\n\n<p>Der Weg ist zwar langwieriger und umst\u00e4ndlicher, aber das Ergebnis ist dasselbe \u2013 das ist f\u00fcr uns auf lange Sicht keine L\u00f6sung, daher greifen wir auf den Saft des Gummibaums zur\u00fcck! Wenn du mehr \u00fcber das Thema erfahren m\u00f6chtest, klicke doch einfach <strong><a href=\"https:\/\/www.waves.fashion\/de\/waves\/recycling\/\">hier<\/a><\/strong>.<\/p>\n\n\n\n<div style=\"height:30px\" aria-hidden=\"true\" class=\"wp-block-spacer\"><\/div>\n\n\n\n<p class=\"has-medium-font-size\"><strong>Unsere Prinzipien \u2013 Fair zu Umwelt, Menschen und Tieren<\/strong><\/p>\n\n\n\n<p>F\u00fcr die Herstellung von Flip-Flops sind unsere Prinzipien klar formuliert &#8211; faire Handelsbeziehungen, \u00f6kologische Verantwortung und ein konsequentes Nein zu Kinderarbeit und Tierversuchen. Da wir voll und ganz hinter den Fairtrade Prinzipien stehen, jedoch Naturkautschuk nicht unter die Fairtrade-zertifizierten Rohstoffe f\u00e4llt, haben wir uns mit dem Fair Rubber e.V. zusammengetan \u2013 dieser sorgt daf\u00fcr, dass der Saft des Gummibaums nach den Fairtrade-Prinzipien zertifiziert ist. Wir besch\u00e4ftigen auf Sri Lanka viele Menschen, die nach traditionellen Methoden und neuen Technologien den kostbaren Naturkautschuk ernten. Dadurch, dass wir einen Mehrpreis f\u00fcr unseren Naturkautschuk zahlen, wird den Kleinb\u00e4uer*innen vor Ort ein nachhaltiges Einkommen gesichert und die M\u00f6glichkeit auf Bildung gegeben. Zusammen mit Fair Rubber e.V. geben wir den Mitwirkenden auf Sri Lanka die M\u00f6glichkeit am fairen Handel teilzunehmen.<\/p>\n\n\n\n<div style=\"height:100px\" aria-hidden=\"true\" class=\"wp-block-spacer\"><\/div>\n\n\n              \n                <div class=\"slider-2 row\">\n\n                \n                  <a href=\"https:\/\/www.waves.fashion\/de\/waves\/ethik\/\" class=\"item col-xs-12 col-sm-4\">\n                    <div class=\"image\">\n                      <img decoding=\"async\" src=\"https:\/\/www.waves.fashion\/wp-content\/uploads\/2020\/12\/Kinder_2.jpg\" alt=\"Kinder im Kindergarten\" \/>\n                    <\/div>\n                    <div class=\"text\">\n                      <h2>Ethik <\/h2>\n                      <p>Menschen unterst\u00fctzen <\/p>\n                    <\/div>\n                    <div class=\"link\">\n                      <p class=\"btn btn-primary\">Entdecken<\/p>\n                    <\/div>\n                  <\/a>\n\n                \n                  <a href=\"https:\/\/www.waves.fashion\/de\/waves\/we-love-rubber\/\" class=\"item col-xs-12 col-sm-4\">\n                    <div class=\"image\">\n                      <img decoding=\"async\" src=\"https:\/\/www.waves.fashion\/wp-content\/uploads\/2020\/11\/Kautschukbaum.jpg\" alt=\"Komfort\" \/>\n                    <\/div>\n                    <div class=\"text\">\n                      <h2>Komfort<\/h2>\n                      <p>Hoher Komfort dank Naturkautschuk <\/p>\n                    <\/div>\n                    <div class=\"link\">\n                      <p class=\"btn btn-primary\">Entdecken<\/p>\n                    <\/div>\n                  <\/a>\n\n                \n                  <a href=\"https:\/\/www.waves.fashion\/de\/waves\/recycling\/\" class=\"item col-xs-12 col-sm-4\">\n                    <div class=\"image\">\n                      <img decoding=\"async\" src=\"https:\/\/www.waves.fashion\/wp-content\/uploads\/2020\/11\/umwelt.jpg\" alt=\"Strad Sri Lanka\" \/>\n                    <\/div>\n                    <div class=\"text\">\n                      <h2>Umwelt <\/h2>\n                      <p>Ein wichtiges Thema f\u00fcr uns <\/p>\n                    <\/div>\n                    <div class=\"link\">\n                      <p class=\"btn btn-primary\">Entdecken<\/p>\n                    <\/div>\n                  <\/a>\n\n                \n                  <a href=\"https:\/\/www.waves.fashion\/de\/waves\/ueber-uns\/\" class=\"item col-xs-12 col-sm-4\">\n                    <div class=\"image\">\n                      <img decoding=\"async\" src=\"https:\/\/www.waves.fashion\/wp-content\/uploads\/2020\/11\/made_Sri_Lanka.jpg\" alt=\"Surf Board Verleih\" \/>\n                    <\/div>\n                    <div class=\"text\">\n                      <h2>Made in Sri Lanka <\/h2>\n                      <p>Woher kommt die Marke Waves <\/p>\n                    <\/div>\n                    <div class=\"link\">\n                      <p class=\"btn btn-primary\">Entdecken<\/p>\n                    <\/div>\n                  <\/a>\n\n                \n                <\/div>\n\n              \n\n\n<div style=\"height:100px\" aria-hidden=\"true\" class=\"wp-block-spacer\"><\/div>\n","protected":false},"excerpt":{"rendered":"<p>Waves \u2013 100% biologisch abbaubare Flip-Flops Komfort und Langlebigkeit dank Naturkautschuk Wir wollen mit unseren Zehentrennern euren F\u00fc\u00dfen etwas Gutes tun und gleichzeitig die Umwelt vor weiteren Sch\u00e4den und Belastungen der Industrie bewahren. Naturkautschuk ist daher ein hervorragender Rohstoff und eignet sich perfekt f\u00fcr die Herstellung von umweltfreundlichen [&hellip;]<\/p>\n","protected":false},"author":2,"featured_media":0,"parent":0,"menu_order":1,"comment_status":"closed","ping_status":"closed","template":"","meta":{"_acf_changed":false,"footnotes":""},"class_list":["post-135","page","type-page","status-publish","hentry"],"acf":[],"_links":{"self":[{"href":"https:\/\/www.waves.fashion\/de\/wp-json\/wp\/v2\/pages\/135","targetHints":{"allow":["GET"]}}],"collection":[{"href":"https:\/\/www.waves.fashion\/de\/wp-json\/wp\/v2\/pages"}],"about":[{"href":"https:\/\/www.waves.fashion\/de\/wp-json\/wp\/v2\/types\/page"}],"author":[{"embeddable":true,"href":"https:\/\/www.waves.fashion\/de\/wp-json\/wp\/v2\/users\/2"}],"replies":[{"embeddable":true,"href":"https:\/\/www.waves.fashion\/de\/wp-json\/wp\/v2\/comments?post=135"}],"version-history":[{"count":11,"href":"https:\/\/www.waves.fashion\/de\/wp-json\/wp\/v2\/pages\/135\/revisions"}],"predecessor-version":[{"id":2175,"href":"https:\/\/www.waves.fashion\/de\/wp-json\/wp\/v2\/pages\/135\/revisions\/2175"}],"wp:attachment":[{"href":"https:\/\/www.waves.fashion\/de\/wp-json\/wp\/v2\/media?parent=135"}],"curies":[{"name":"wp","href":"https:\/\/api.w.org\/{rel}","templated":true}]}}