{"id":145,"date":"2020-10-07T10:49:51","date_gmt":"2020-10-07T08:49:51","guid":{"rendered":"https:\/\/www.waves.fashion\/?page_id=145"},"modified":"2021-09-01T10:07:06","modified_gmt":"2021-09-01T08:07:06","slug":"handel","status":"publish","type":"page","link":"https:\/\/www.waves.fashion\/de\/handel\/","title":{"rendered":"Handel"},"content":{"rendered":"\n<div class=\"wp-block-columns is-layout-flex wp-container-core-columns-is-layout-9d6595d7 wp-block-columns-is-layout-flex\">\n<div class=\"wp-block-column is-layout-flow wp-block-column-is-layout-flow\" style=\"flex-basis:33.33%\">\n<figure class=\"wp-block-image size-large\"><img loading=\"lazy\" decoding=\"async\" width=\"384\" height=\"384\" src=\"https:\/\/www.waves.fashion\/wp-content\/uploads\/2020\/11\/leine.jpg\" alt=\"\" class=\"wp-image-733\" srcset=\"https:\/\/www.waves.fashion\/wp-content\/uploads\/2020\/11\/leine.jpg 384w, https:\/\/www.waves.fashion\/wp-content\/uploads\/2020\/11\/leine-150x150.jpg 150w\" sizes=\"auto, (max-width: 384px) 100vw, 384px\" \/><\/figure>\n<\/div>\n\n\n\n<div class=\"wp-block-column is-layout-flow wp-block-column-is-layout-flow\" style=\"flex-basis:66.66%\">\n<h2 class=\"wp-block-heading\">WAVES auch in deinem Gesch\u00e4ft?<\/h2>\n\n\n\n<p>Du bist daran interessiert, WAVES Produkte deinen Kund*innen anzubieten? Am einfachsten ist es, diese \u00fcber unseren <a href=\"http:\/\/shop.fairsquared.info\">B2B-Webshop<\/a> zu bestellen. Dort haben wir f\u00fcr dich alle Neuheiten, deine Einkaufskonditionen und POS-Materialien hinterlegt.<\/p>\n\n\n\n<h2 class=\"wp-block-heading\">Unser B2B-Shop im Netz<\/h2>\n\n\n\n<p>Bitte gehe dazu auf&nbsp;<a href=\"http:\/\/shop.fairsquared.info\">shop.fairsquared.info<\/a>&nbsp;und melde dich erstmalig unter \u201eAnmelden\u201c oben rechts an, wir schalten dich innerhalb von 24 Stunden frei und senden dir eine Best\u00e4tigungs-E-Mail.<br>Wenn du erst einmal einen Katalog anfordern m\u00f6chten, schreib uns \u00fcber das Kontaktformular eine E-Mail. Als digitale&nbsp;Katalog-Version&nbsp;kannst du ihn sogar direkt runterladen.<\/p>\n\n\n\n<div class=\"wp-block-buttons is-layout-flex wp-block-buttons-is-layout-flex\">\n<div class=\"wp-block-button\"><a class=\"wp-block-button__link\" href=\"https:\/\/www.fairsquared.com\/de\/katalog\/\" target=\"_blank\" rel=\"noreferrer noopener\">Hier geht&#8217;s zum Katalog<\/a><\/div>\n<\/div>\n\n\n\n<p><\/p>\n<\/div>\n<\/div>\n\n\n\n<p><\/p>\n","protected":false},"excerpt":{"rendered":"<p>WAVES auch in deinem Gesch\u00e4ft? Du bist daran interessiert, WAVES Produkte deinen Kund*innen anzubieten? Am einfachsten ist es, diese \u00fcber unseren B2B-Webshop zu bestellen. Dort haben wir f\u00fcr dich alle Neuheiten, deine Einkaufskonditionen und POS-Materialien hinterlegt. Unser B2B-Shop im Netz Bitte gehe dazu auf&nbsp;shop.fairsquared.info&nbsp;und melde dich erstmalig unter [&hellip;]<\/p>\n","protected":false},"author":2,"featured_media":0,"parent":0,"menu_order":6,"comment_status":"closed","ping_status":"closed","template":"","meta":{"_acf_changed":false,"footnotes":""},"class_list":["post-145","page","type-page","status-publish","hentry"],"acf":[],"_links":{"self":[{"href":"https:\/\/www.waves.fashion\/de\/wp-json\/wp\/v2\/pages\/145","targetHints":{"allow":["GET"]}}],"collection":[{"href":"https:\/\/www.waves.fashion\/de\/wp-json\/wp\/v2\/pages"}],"about":[{"href":"https:\/\/www.waves.fashion\/de\/wp-json\/wp\/v2\/types\/page"}],"author":[{"embeddable":true,"href":"https:\/\/www.waves.fashion\/de\/wp-json\/wp\/v2\/users\/2"}],"replies":[{"embeddable":true,"href":"https:\/\/www.waves.fashion\/de\/wp-json\/wp\/v2\/comments?post=145"}],"version-history":[{"count":2,"href":"https:\/\/www.waves.fashion\/de\/wp-json\/wp\/v2\/pages\/145\/revisions"}],"predecessor-version":[{"id":2005,"href":"https:\/\/www.waves.fashion\/de\/wp-json\/wp\/v2\/pages\/145\/revisions\/2005"}],"wp:attachment":[{"href":"https:\/\/www.waves.fashion\/de\/wp-json\/wp\/v2\/media?parent=145"}],"curies":[{"name":"wp","href":"https:\/\/api.w.org\/{rel}","templated":true}]}}