{"id":157,"date":"2020-10-07T10:52:57","date_gmt":"2020-10-07T08:52:57","guid":{"rendered":"https:\/\/www.waves.fashion\/?page_id=157"},"modified":"2025-03-07T20:48:17","modified_gmt":"2025-03-07T19:48:17","slug":"kontakt","status":"publish","type":"page","link":"https:\/\/www.waves.fashion\/de\/kontakt\/","title":{"rendered":"Kontakt"},"content":{"rendered":"\n<div class=\"wp-block-columns is-layout-flex wp-container-core-columns-is-layout-9d6595d7 wp-block-columns-is-layout-flex\">\n<div class=\"wp-block-column is-layout-flow wp-block-column-is-layout-flow\" style=\"flex-basis:33.33%\"><\/div>\n\n\n\n<div class=\"wp-block-column is-layout-flow wp-block-column-is-layout-flow\" style=\"flex-basis:66.66%\">\n<h2 class=\"wp-block-heading\">Du hast Fragen zu Waves? Meld dich bei uns.<\/h2>\n\n\n\n<p>M\u00f6chtest du gerne \u00fcber uns berichten oder h\u00e4ttest du gerne n\u00e4here Infos zu unseren Produkten? Bist du etwa H\u00e4ndler*in und m\u00f6chtest gerne unsere Waves Produkte in dein nachhaltiges Sortiment aufnehmen? Auch bei anderen Fragen stehen wir gerne zur Verf\u00fcgung.<\/p>\n\n\n\n<div class=\"wp-block-buttons is-layout-flex wp-block-buttons-is-layout-flex\">\n<div class=\"wp-block-button\"><a class=\"wp-block-button__link wp-element-button\" href=\"&#109;&#x61;&#105;&#x6c;&#116;&#x6f;&#58;&#x69;&#110;&#x66;&#111;&#x40;&#102;&#x61;&#105;&#x72;&#115;&#x71;&#117;&#x61;&#114;&#x65;&#100;&#x2e;&#99;&#x6f;m\">Kontaktiere uns<\/a><\/div>\n<\/div>\n\n\n\n<div style=\"height:40px\" aria-hidden=\"true\" class=\"wp-block-spacer\"><\/div>\n\n\n\n<p>E-Mail: <a href=\"&#109;&#x61;&#105;&#x6c;&#116;&#x6f;&#58;&#x69;&#110;&#x66;&#111;&#x40;&#102;&#x61;&#105;&#x72;&#115;&#x71;&#117;&#x61;&#114;&#x65;&#100;&#x2e;&#99;&#x6f;&#109;\">&#105;&#x6e;f&#x6f;&#x40;&#102;&#x61;i&#114;&#x73;&#113;&#x75;a&#114;&#x65;d&#x2e;c&#111;&#x6d;<\/a><br>Telefon: <a href=\"tel:+4922349296600\">+49 (0) 2234 \u2013 929662<\/a><br>Fax: +49 (0) 2234 \u2013 9296690<\/p>\n\n\n\n<p><strong>Wir freuen uns auf deine Kontaktaufnahme!<\/strong><\/p>\n<\/div>\n<\/div>\n","protected":false},"excerpt":{"rendered":"<p>Du hast Fragen zu Waves? Meld dich bei uns. M\u00f6chtest du gerne \u00fcber uns berichten oder h\u00e4ttest du gerne n\u00e4here Infos zu unseren Produkten? Bist du etwa H\u00e4ndler*in und m\u00f6chtest gerne unsere Waves Produkte in dein nachhaltiges Sortiment aufnehmen? Auch bei anderen Fragen stehen wir gerne zur Verf\u00fcgung. [&hellip;]<\/p>\n","protected":false},"author":2,"featured_media":0,"parent":0,"menu_order":20,"comment_status":"closed","ping_status":"closed","template":"page-kontakt.php","meta":{"_acf_changed":false,"footnotes":""},"class_list":["post-157","page","type-page","status-publish","hentry"],"acf":[],"_links":{"self":[{"href":"https:\/\/www.waves.fashion\/de\/wp-json\/wp\/v2\/pages\/157","targetHints":{"allow":["GET"]}}],"collection":[{"href":"https:\/\/www.waves.fashion\/de\/wp-json\/wp\/v2\/pages"}],"about":[{"href":"https:\/\/www.waves.fashion\/de\/wp-json\/wp\/v2\/types\/page"}],"author":[{"embeddable":true,"href":"https:\/\/www.waves.fashion\/de\/wp-json\/wp\/v2\/users\/2"}],"replies":[{"embeddable":true,"href":"https:\/\/www.waves.fashion\/de\/wp-json\/wp\/v2\/comments?post=157"}],"version-history":[{"count":2,"href":"https:\/\/www.waves.fashion\/de\/wp-json\/wp\/v2\/pages\/157\/revisions"}],"predecessor-version":[{"id":2307,"href":"https:\/\/www.waves.fashion\/de\/wp-json\/wp\/v2\/pages\/157\/revisions\/2307"}],"wp:attachment":[{"href":"https:\/\/www.waves.fashion\/de\/wp-json\/wp\/v2\/media?parent=157"}],"curies":[{"name":"wp","href":"https:\/\/api.w.org\/{rel}","templated":true}]}}