{"id":442,"date":"2020-11-03T09:29:49","date_gmt":"2020-11-03T08:29:49","guid":{"rendered":"https:\/\/www.waves.fashion\/?page_id=442"},"modified":"2024-12-11T17:54:08","modified_gmt":"2024-12-11T16:54:08","slug":"recycling","status":"publish","type":"page","link":"https:\/\/www.waves.fashion\/de\/waves\/recycling\/","title":{"rendered":"Recycling"},"content":{"rendered":"\n<div class=\"wp-block-columns is-layout-flex wp-container-core-columns-is-layout-9d6595d7 wp-block-columns-is-layout-flex\">\n<div class=\"wp-block-column is-layout-flow wp-block-column-is-layout-flow\" style=\"flex-basis:33.33%\">\n<figure class=\"wp-block-image size-large\"><img loading=\"lazy\" decoding=\"async\" width=\"384\" height=\"384\" src=\"https:\/\/www.waves.fashion\/wp-content\/uploads\/2020\/11\/recycling.jpg\" alt=\"Recycling\" class=\"wp-image-524\" srcset=\"https:\/\/www.waves.fashion\/wp-content\/uploads\/2020\/11\/recycling.jpg 384w, https:\/\/www.waves.fashion\/wp-content\/uploads\/2020\/11\/recycling-150x150.jpg 150w\" sizes=\"auto, (max-width: 384px) 100vw, 384px\" \/><\/figure>\n\n\n\n<figure class=\"wp-block-image size-large\"><img loading=\"lazy\" decoding=\"async\" width=\"384\" height=\"384\" src=\"https:\/\/www.waves.fashion\/wp-content\/uploads\/2020\/11\/fuesse-.jpg\" alt=\"\" class=\"wp-image-753\" srcset=\"https:\/\/www.waves.fashion\/wp-content\/uploads\/2020\/11\/fuesse-.jpg 384w, https:\/\/www.waves.fashion\/wp-content\/uploads\/2020\/11\/fuesse--150x150.jpg 150w\" sizes=\"auto, (max-width: 384px) 100vw, 384px\" \/><\/figure>\n<\/div>\n\n\n\n<div class=\"wp-block-column is-layout-flow wp-block-column-is-layout-flow\" style=\"flex-basis:66.66%\">\n<h2 class=\"wp-block-heading\"><strong>Warum sind wir besser als traditionell recycelte Flip-Flops?<\/strong><\/h2>\n\n\n\n<p>Recycelte Schuhe werden aus Kunststoff hergestellt, der fr\u00fcher einmal f\u00fcr etwas anderes verwendet wurde. Gartent\u00f6pfe, Plastikt\u00fcten und M\u00fcllbeutel k\u00f6nnen zu recycelten Standardschuhen verarbeitet werden.<\/p>\n\n\n\n<p>Das Problem beim Kunststoffrecycling ist jedoch, dass es keine wirkliche, langfristige L\u00f6sung f\u00fcr die weltweite Kunststoffkrise ist. Wir loben die Tatsache, dass Unternehmen Plastik wiederverwenden, den die Verbraucher*innen nicht mehr ben\u00f6tigen, jedoch wird auch dieses Plastik zersetzen und schlie\u00dflich seinen Weg auf die M\u00fclldeponie finden. Der Weg ist zwar umst\u00e4ndlicher, aber das Ergebnis ist dasselbe.<\/p>\n\n\n\n<p>Unsere Waves sind anders. Wir verwenden kein recyceltes Plastik, um die Schuhe herzustellen. Stattdessen stellen wir sie aus 100% Naturkautschuk her, der sich unsch\u00e4dlich im Boden abbaut.<\/p>\n\n\n\n<p>Auf diese Weise sind wir davon \u00fcberzeugt, dass unsere Waves besser f\u00fcr die Umwelt sind als die Standard-Flip-Flops aus recyceltem Plastik. Sie eliminieren das Risiko, dass Plastik in die nat\u00fcrliche Umwelt gelangt.<\/p>\n\n\n\n<p><em>Verstehe uns nicht falsch, wir recyceln dennoch!<\/em><\/p>\n\n\n\n<p>Das hei\u00dft nicht, dass wir \u00fcberhaupt nicht recyceln, wir tun es!<\/p>\n\n\n\n<p>Du kannst nicht nur Plastik recyceln, sondern auch Gummi. Wir verwenden ausrangierte Waves und Restst\u00fccke aus unserem Herstellungsprozess und granulieren sie. Dadurch werden sie in neue Produkte verarbeitet.<\/p>\n\n\n\n<p>Genau wie Du, nehmen wir die Umwelt ernst und tun alles, was wir k\u00f6nnen, um sicherzustellen, dass die von uns hergestellten Produkte nur minimale Auswirkungen auf die Natur haben.<\/p>\n\n\n\n<p>Recycling ist ein wichtiger Bestandteil unserer T\u00e4tigkeit; es unterscheidet sich nur ein wenig von der Art des Kunststoffrecyclings, die Du vielleicht schon kennst. Wir glauben, wenn Du ein umweltbewusster Mensch bist, gibt es keine bessere Wahl als Waves f\u00fcr dich.<\/p>\n\n\n\n<p>Egal, ob Du dich f\u00fcr welches Modell Du Dich entscheidest, Du kannst dir sicher sein, dass Du viel mehr als nur einen normalen recycelten Schuh erh\u00e4ltst.<\/p>\n\n\n\n<p><em>Warum Naturkautschuk so viel besser ist als recycelter Kunststoff<\/em><\/p>\n\n\n\n<p>Wir verwenden Naturkautschuk zur Herstellung unseres Schuhwerks. Das liegt an den einzigartigen Eigenschaften, die er besitzt.<\/p>\n\n\n\n<p>Im Allgemeinen gibt es zwei Arten von Polymeren: nat\u00fcrliche und synthetische. Zu den nat\u00fcrlichen Polymeren geh\u00f6rt der Naturkautschuk, w\u00e4hrend zu den synthetischen Polymeren alle k\u00fcnstlichen Kunststoffe geh\u00f6ren, die aus Erd\u00f6l gewonnen werden, wie PET und UPVC.<\/p>\n\n\n\n<p>Naturkautschuk wird von verschiedenen Baumarten geerntet und kommt als eine Art milchige Fl\u00fcssigkeit heraus. Das Rohpolymer besteht aus einer Mischung von Isopren. Bei der Verarbeitung werden Verunreinigungen entfernt und die Isopren dazu angeregt, sich zu langen Ketten zu verbinden, was dem Kautschuk seine charakteristischen Eigenschaften verleiht.<\/p>\n\n\n\n<p>Die Eigenschaften dieser chemischen Ketten machen dieses Schuhwerk aus Naturkautschuk so viel umweltvertr\u00e4glicher als herk\u00f6mmliche recycelte Kunststoffarten. Bakterien und andere Organismen verf\u00fcgen \u00fcber eine chemische Eigenschaft, die die Bindungen zwischen den Ketten aufbrechen kann, indem es die Bestandteile des Gummis verarbeitet und in unsch\u00e4dliche Abfallprodukte verwandelt.<\/p>\n\n\n\n<p>Dasselbe gilt jedoch nicht f\u00fcr synthetische Kunststoffe oder Gummi. Mikroorganismen k\u00f6nnen ihre chemischen Bindungen nicht aufbrechen, was bedeutet, dass gro\u00dfe Plastikfragmente \u00fcber Hunderte von Jahren in der Umwelt verbleiben k\u00f6nnen, ebenso wie Mikroplastik- und Erd\u00f6labf\u00e4lle, die sp\u00e4ter ihren Weg in unsere Ozeane finden.<\/p>\n<\/div>\n<\/div>\n","protected":false},"excerpt":{"rendered":"<p>Warum sind wir besser als traditionell recycelte Flip-Flops? Recycelte Schuhe werden aus Kunststoff hergestellt, der fr\u00fcher einmal f\u00fcr etwas anderes verwendet wurde. Gartent\u00f6pfe, Plastikt\u00fcten und M\u00fcllbeutel k\u00f6nnen zu recycelten Standardschuhen verarbeitet werden. Das Problem beim Kunststoffrecycling ist jedoch, dass es keine wirkliche, langfristige L\u00f6sung f\u00fcr die weltweite Kunststoffkrise [&hellip;]<\/p>\n","protected":false},"author":3,"featured_media":0,"parent":137,"menu_order":0,"comment_status":"closed","ping_status":"closed","template":"","meta":{"_acf_changed":false,"footnotes":""},"class_list":["post-442","page","type-page","status-publish","hentry"],"acf":[],"_links":{"self":[{"href":"https:\/\/www.waves.fashion\/de\/wp-json\/wp\/v2\/pages\/442","targetHints":{"allow":["GET"]}}],"collection":[{"href":"https:\/\/www.waves.fashion\/de\/wp-json\/wp\/v2\/pages"}],"about":[{"href":"https:\/\/www.waves.fashion\/de\/wp-json\/wp\/v2\/types\/page"}],"author":[{"embeddable":true,"href":"https:\/\/www.waves.fashion\/de\/wp-json\/wp\/v2\/users\/3"}],"replies":[{"embeddable":true,"href":"https:\/\/www.waves.fashion\/de\/wp-json\/wp\/v2\/comments?post=442"}],"version-history":[{"count":2,"href":"https:\/\/www.waves.fashion\/de\/wp-json\/wp\/v2\/pages\/442\/revisions"}],"predecessor-version":[{"id":2169,"href":"https:\/\/www.waves.fashion\/de\/wp-json\/wp\/v2\/pages\/442\/revisions\/2169"}],"up":[{"embeddable":true,"href":"https:\/\/www.waves.fashion\/de\/wp-json\/wp\/v2\/pages\/137"}],"wp:attachment":[{"href":"https:\/\/www.waves.fashion\/de\/wp-json\/wp\/v2\/media?parent=442"}],"curies":[{"name":"wp","href":"https:\/\/api.w.org\/{rel}","templated":true}]}}