{"id":444,"date":"2020-11-03T09:30:35","date_gmt":"2020-11-03T08:30:35","guid":{"rendered":"https:\/\/www.waves.fashion\/?page_id=444"},"modified":"2024-12-11T17:53:34","modified_gmt":"2024-12-11T16:53:34","slug":"we-love-rubber","status":"publish","type":"page","link":"https:\/\/www.waves.fashion\/de\/waves\/we-love-rubber\/","title":{"rendered":"We \ud83e\udde1 Rubber"},"content":{"rendered":"\n<div class=\"wp-block-columns is-layout-flex wp-container-core-columns-is-layout-9d6595d7 wp-block-columns-is-layout-flex\">\n<div class=\"wp-block-column is-layout-flow wp-block-column-is-layout-flow\" style=\"flex-basis:33.33%\">\n<figure class=\"wp-block-image size-large\"><img loading=\"lazy\" decoding=\"async\" width=\"384\" height=\"384\" src=\"https:\/\/www.waves.fashion\/wp-content\/uploads\/2020\/11\/vegan.jpg\" alt=\"Vegan\" class=\"wp-image-526\" srcset=\"https:\/\/www.waves.fashion\/wp-content\/uploads\/2020\/11\/vegan.jpg 384w, https:\/\/www.waves.fashion\/wp-content\/uploads\/2020\/11\/vegan-150x150.jpg 150w\" sizes=\"auto, (max-width: 384px) 100vw, 384px\" \/><\/figure>\n\n\n\n<figure class=\"wp-block-image size-large\"><img loading=\"lazy\" decoding=\"async\" width=\"384\" height=\"384\" src=\"https:\/\/www.waves.fashion\/wp-content\/uploads\/2020\/11\/fuesse2.jpg\" alt=\"\" class=\"wp-image-731\" srcset=\"https:\/\/www.waves.fashion\/wp-content\/uploads\/2020\/11\/fuesse2.jpg 384w, https:\/\/www.waves.fashion\/wp-content\/uploads\/2020\/11\/fuesse2-150x150.jpg 150w\" sizes=\"auto, (max-width: 384px) 100vw, 384px\" \/><\/figure>\n<\/div>\n\n\n\n<div class=\"wp-block-column is-layout-flow wp-block-column-is-layout-flow\" style=\"flex-basis:66.66%\">\n<h2 class=\"wp-block-heading\"><strong>Hoher Komfort dank Naturkautschuk<\/strong><\/h2>\n\n\n\n<p>Es gibt doch nichts l\u00e4stigeres, als ein paar Flip-Flops welches binnen von Sekunden zwischen den Zehen zwickt und die Haut aufraut, oder? Wir verstehen dieses Problem nur zur gut, weshalb wir Schuhe besonders auch im Hinblick auf den Komfort der Kunden kreieren. Unser Naturkautschuk ist hervorragend f\u00fcr die Umwelt, aber er ist auch fantastisch f\u00fcr Deine F\u00fc\u00dfe. Das leichte, schwammartige Material passt sich auf nat\u00fcrliche Weise Deinem Fu\u00df an. L\u00e4stige Blasen zwischen Deinen Zehen sind dank diesem Material allemal pass\u00e9.<\/p>\n\n\n\n<p class=\"has-medium-font-size\"><em>Haltbarkeit<\/em><\/p>\n\n\n\n<p>Naturkautschuk ist, wie schon erw\u00e4hnt, schwammartig. Dadurch bieten unsere Waves einen hohen Komfort und Halt. &nbsp;Zudem sind sie belastbar und strapazierf\u00e4hig \u2013 hier kannst Du sicher sein, dass die Riemen nicht rei\u00dfen werden.<\/p>\n\n\n\n<p class=\"has-medium-font-size\"><em>Leicht und weich<\/em><\/p>\n\n\n\n<p>Naturkautschuk flie\u00dft aus dem Kautschukbaum. Dieses weiche Material verarbeiten wir und sorgen so f\u00fcr einen hohen Komfort. Du wirst kaum merken, dass Du Schuhe an den F\u00fc\u00dfen hast! &nbsp;<\/p>\n\n\n\n<p class=\"has-medium-font-size\"><em>Passt sich an, so einzigartig wie Du<\/em><br><br>Das weiche Naturkautschuk Material hat von Natur aus eine intelligente Technologie f\u00fcr Deine F\u00fc\u00dfe eingebaut! Das bedeutet, dass das Gummi in der Lage ist, sich der Form Deines Fu\u00dfes anzupassen und somit Unterst\u00fctzung dort zu bieten, wo sie ben\u00f6tigt wird. Zudem passt sich das Material der Form Deiner Zehen an, wodurch das Risiko des Reibens zwischen den Zehen beim Tragen verringert wird.<\/p>\n<\/div>\n<\/div>\n","protected":false},"excerpt":{"rendered":"<p>Hoher Komfort dank Naturkautschuk Es gibt doch nichts l\u00e4stigeres, als ein paar Flip-Flops welches binnen von Sekunden zwischen den Zehen zwickt und die Haut aufraut, oder? Wir verstehen dieses Problem nur zur gut, weshalb wir Schuhe besonders auch im Hinblick auf den Komfort der Kunden kreieren. Unser Naturkautschuk [&hellip;]<\/p>\n","protected":false},"author":3,"featured_media":0,"parent":137,"menu_order":0,"comment_status":"closed","ping_status":"closed","template":"","meta":{"_acf_changed":false,"footnotes":""},"class_list":["post-444","page","type-page","status-publish","hentry"],"acf":[],"_links":{"self":[{"href":"https:\/\/www.waves.fashion\/de\/wp-json\/wp\/v2\/pages\/444","targetHints":{"allow":["GET"]}}],"collection":[{"href":"https:\/\/www.waves.fashion\/de\/wp-json\/wp\/v2\/pages"}],"about":[{"href":"https:\/\/www.waves.fashion\/de\/wp-json\/wp\/v2\/types\/page"}],"author":[{"embeddable":true,"href":"https:\/\/www.waves.fashion\/de\/wp-json\/wp\/v2\/users\/3"}],"replies":[{"embeddable":true,"href":"https:\/\/www.waves.fashion\/de\/wp-json\/wp\/v2\/comments?post=444"}],"version-history":[{"count":3,"href":"https:\/\/www.waves.fashion\/de\/wp-json\/wp\/v2\/pages\/444\/revisions"}],"predecessor-version":[{"id":2168,"href":"https:\/\/www.waves.fashion\/de\/wp-json\/wp\/v2\/pages\/444\/revisions\/2168"}],"up":[{"embeddable":true,"href":"https:\/\/www.waves.fashion\/de\/wp-json\/wp\/v2\/pages\/137"}],"wp:attachment":[{"href":"https:\/\/www.waves.fashion\/de\/wp-json\/wp\/v2\/media?parent=444"}],"curies":[{"name":"wp","href":"https:\/\/api.w.org\/{rel}","templated":true}]}}