{"id":446,"date":"2020-11-03T09:31:05","date_gmt":"2020-11-03T08:31:05","guid":{"rendered":"https:\/\/www.waves.fashion\/?page_id=446"},"modified":"2024-12-11T17:52:58","modified_gmt":"2024-12-11T16:52:58","slug":"ethik","status":"publish","type":"page","link":"https:\/\/www.waves.fashion\/de\/waves\/ethik\/","title":{"rendered":"Ethik"},"content":{"rendered":"\n<div class=\"wp-block-columns is-layout-flex wp-container-core-columns-is-layout-9d6595d7 wp-block-columns-is-layout-flex\">\n<div class=\"wp-block-column is-layout-flow wp-block-column-is-layout-flow\" style=\"flex-basis:33.33%\">\n<figure class=\"wp-block-image size-large\"><img loading=\"lazy\" decoding=\"async\" width=\"384\" height=\"384\" src=\"https:\/\/www.waves.fashion\/wp-content\/uploads\/2020\/11\/vegan__.jpg\" alt=\"vegan\" class=\"wp-image-530\" srcset=\"https:\/\/www.waves.fashion\/wp-content\/uploads\/2020\/11\/vegan__.jpg 384w, https:\/\/www.waves.fashion\/wp-content\/uploads\/2020\/11\/vegan__-150x150.jpg 150w\" sizes=\"auto, (max-width: 384px) 100vw, 384px\" \/><\/figure>\n\n\n\n<figure class=\"wp-block-image size-large\"><img loading=\"lazy\" decoding=\"async\" width=\"384\" height=\"205\" src=\"https:\/\/www.waves.fashion\/wp-content\/uploads\/2020\/11\/maenner.jpg\" alt=\"\" class=\"wp-image-746\"\/><\/figure>\n<\/div>\n\n\n\n<div class=\"wp-block-column is-layout-flow wp-block-column-is-layout-flow\" style=\"flex-basis:66.66%\">\n<h2 class=\"wp-block-heading\"><strong>Menschen unterst\u00fctzen und Tiere sch\u00fctzen<\/strong><\/h2>\n\n\n\n<p>Wir k\u00fcmmern uns nicht nur um die Umwelt, sondern stellen auch die ethischen Grunds\u00e4tze in den Mittelpunkt unserer Produktionsprozesse. Aus diesem Grund beziehen wir unseren gesamten Naturkautschuk von nachhaltigen Kautschukfarmen auf Sri Lanka. Dar\u00fcber hinaus kannst Du sicher sein, dass jeder einzelne Waves-Kauf die sri-lankischen Kautschukbauerngemeinschaften unterst\u00fctzt und es ihnen erm\u00f6glicht, eine nachhaltige und sichere Lebensgrundlage zu schaffen. Wir bei Waves sind n\u00e4mlich der Meinung, dass sich die Produkte nicht nur gut anf\u00fchlen sollten, sondern dass sie auch die Menschen unterst\u00fctzen sollten, die sie herstellen.<\/p>\n\n\n\n<p>Neben der Umwelt nehmen wir auch den Lebensraum der Tiere  ernst. Es ist uns wichtig, dass unsere Flip-Flops nicht nur die Umwelt schonen, sondern, dass all unser Schuhwerk auch vegan ist. Denn es liegt einfach in unserer Natur tierfreundlich zu sein.<\/p>\n\n\n\n<p>Wir k\u00f6nnen mit Stolz sagen, dass wir ausschlie\u00dflich Flip-Flops aus Naturkautschuk verkaufen. Durch die Verwendung von 100% Naturkautschuk mit dem Siegel der <a href=\"https:\/\/www.fairrubber.org\/\">Fair Rubber<\/a> Zertifizierung k\u00f6nnen wir sicher sein, dass auch die Wildtiere bis zur\u00fcck auf die Plantagen gesch\u00fctzt werden.<\/p>\n<\/div>\n<\/div>\n","protected":false},"excerpt":{"rendered":"<p>Menschen unterst\u00fctzen und Tiere sch\u00fctzen Wir k\u00fcmmern uns nicht nur um die Umwelt, sondern stellen auch die ethischen Grunds\u00e4tze in den Mittelpunkt unserer Produktionsprozesse. Aus diesem Grund beziehen wir unseren gesamten Naturkautschuk von nachhaltigen Kautschukfarmen auf Sri Lanka. Dar\u00fcber hinaus kannst Du sicher sein, dass jeder einzelne Waves-Kauf [&hellip;]<\/p>\n","protected":false},"author":3,"featured_media":0,"parent":137,"menu_order":0,"comment_status":"closed","ping_status":"closed","template":"","meta":{"_acf_changed":false,"footnotes":""},"class_list":["post-446","page","type-page","status-publish","hentry"],"acf":[],"_links":{"self":[{"href":"https:\/\/www.waves.fashion\/de\/wp-json\/wp\/v2\/pages\/446","targetHints":{"allow":["GET"]}}],"collection":[{"href":"https:\/\/www.waves.fashion\/de\/wp-json\/wp\/v2\/pages"}],"about":[{"href":"https:\/\/www.waves.fashion\/de\/wp-json\/wp\/v2\/types\/page"}],"author":[{"embeddable":true,"href":"https:\/\/www.waves.fashion\/de\/wp-json\/wp\/v2\/users\/3"}],"replies":[{"embeddable":true,"href":"https:\/\/www.waves.fashion\/de\/wp-json\/wp\/v2\/comments?post=446"}],"version-history":[{"count":2,"href":"https:\/\/www.waves.fashion\/de\/wp-json\/wp\/v2\/pages\/446\/revisions"}],"predecessor-version":[{"id":2167,"href":"https:\/\/www.waves.fashion\/de\/wp-json\/wp\/v2\/pages\/446\/revisions\/2167"}],"up":[{"embeddable":true,"href":"https:\/\/www.waves.fashion\/de\/wp-json\/wp\/v2\/pages\/137"}],"wp:attachment":[{"href":"https:\/\/www.waves.fashion\/de\/wp-json\/wp\/v2\/media?parent=446"}],"curies":[{"name":"wp","href":"https:\/\/api.w.org\/{rel}","templated":true}]}}