{"id":448,"date":"2020-11-03T09:31:40","date_gmt":"2020-11-03T08:31:40","guid":{"rendered":"https:\/\/www.waves.fashion\/?page_id=448"},"modified":"2024-12-11T18:19:18","modified_gmt":"2024-12-11T17:19:18","slug":"ueber-uns","status":"publish","type":"page","link":"https:\/\/www.waves.fashion\/de\/waves\/ueber-uns\/","title":{"rendered":"\u00dcber uns"},"content":{"rendered":"\n<div class=\"wp-block-columns is-layout-flex wp-container-core-columns-is-layout-9d6595d7 wp-block-columns-is-layout-flex\">\n<div class=\"wp-block-column is-layout-flow wp-block-column-is-layout-flow\" style=\"flex-basis:33.33%\">\n<figure class=\"wp-block-image size-large\"><img loading=\"lazy\" decoding=\"async\" width=\"384\" height=\"384\" src=\"https:\/\/www.waves.fashion\/wp-content\/uploads\/2020\/11\/ueber-uns-1.jpg\" alt=\"\" class=\"wp-image-558\" srcset=\"https:\/\/www.waves.fashion\/wp-content\/uploads\/2020\/11\/ueber-uns-1.jpg 384w, https:\/\/www.waves.fashion\/wp-content\/uploads\/2020\/11\/ueber-uns-1-150x150.jpg 150w\" sizes=\"auto, (max-width: 384px) 100vw, 384px\" \/><\/figure>\n\n\n\n<figure class=\"wp-block-image size-large\"><img loading=\"lazy\" decoding=\"async\" width=\"384\" height=\"205\" src=\"https:\/\/www.waves.fashion\/wp-content\/uploads\/2020\/11\/Tapperin.jpg\" alt=\"\" class=\"wp-image-914\"\/><\/figure>\n<\/div>\n\n\n\n<div class=\"wp-block-column is-layout-flow wp-block-column-is-layout-flow\" style=\"flex-basis:66.66%\">\n<h2 class=\"wp-block-heading\">Wer steckt hinter Waves<\/h2>\n\n\n\n<p>WAVES ist eine lustige, schicke und farbenfrohe Flip-Flops-Kollektion aus Sri Lanka, die nach der Sch\u00f6nheit Sri Lankas benannt ist.<\/p>\n\n\n\n<p>Die Rohstoffe, die bei der Herstellung von Waves verwendet werden, werden mit gr\u00f6\u00dfter Sorgfalt ausgew\u00e4hlt, um keine Sch\u00e4den in der Natur zu hinterlassen. Deshalb wird Waves vollst\u00e4ndig aus echtem sri-lankischem Naturkautschuk hergestellt. Dieser Kautschuk wird geerntet, behandelt und zu bequemen Schuhen verarbeitet.<br>Damit geh\u00f6rt Waves zu den wenigen Schuhen aus reinem Naturkautschuk weltweit. Da die durchschnittlichen Flip-Flops zu einer massiven Komponente des Kunststoffabfalls beitragen, der auf M\u00fclldeponien und in unseren Ozeanen landet, setzt sich Waves gegen die Verunreinigung der Natur ein, die uns alle ern\u00e4hrt.<\/p>\n\n\n\n<p>Bei der Herstellung von Waves Flip-Flops wird das Wesen Sri Lankas auf verschiedene Arten eingefangen. Mit unseren Bauern, Erntehelfer*innen, Techniker*innen und Handwerker*innen umfasst Waves eine der sch\u00f6nsten Facetten Sri Lankas &#8211; ihr Volk. Unser Kautschuk wird von weit entfernten Plantagen bezogen, dies besch\u00e4ftigt viele Menschen aus den D\u00f6rfern vor Ort. Von unseren l\u00e4chelnden Landwirten, die Kautschuk mit einer sorgf\u00e4ltigen Kombination aus traditionellen Methoden und neuer Technologie anbauen, \u00fcber Erntehelfer*innen, die oft aus Familien stammen, die sich seit einigen Generationen mit diesem Handwerk besch\u00e4ftigen, bis hin zu unseren Techniker*innen und Designer*innen des neuen Zeitalters, die f\u00fcr Qualit\u00e4t, fantastische \u00c4sthetik und Komfort sorgen, bringt unser Team das Beste aus Sri Lanka und seinem Volk hervor. Unser Team von Waves ist sehr stolz darauf, sie zu besch\u00e4ftigen, was vielen Individuen und deren Familien auf der ganzen Insel ungeahnte M\u00f6glichkeiten er\u00f6ffnet.<\/p>\n\n\n\n<p>Das ist es, was das Tragen von Waves zu einem viel gr\u00f6\u00dferen Erlebnis macht, als ein durchschnittliches Paar Flip-Flops. Mit dem Kauf von einem Paar Waves wirst Du Teil der paradiesischen Landschaft, seiner gro\u00dfartigen Geschichte, seiner Flora, Fauna und seiner Menschen.<\/p>\n\n\n\n<p>Wenn Du ein Paar Waves tr\u00e4gst, setzt Du dich daf\u00fcr ein, die unber\u00fchrte Entfaltung der Natur zu sch\u00fctzen und sie f\u00fcr morgen zu bewahren. Wenn Du ein Paar Waves tr\u00e4gst, ber\u00fchrst Du das Leben vieler Menschen auf Sri Lanka, von Bauern, Erzeuger*innen bis hin zu Erntehelfer*innen und hilfst ihnen, ihre Existenz zu sichern.<\/p>\n\n\n\n<p>Wenn Du ein Paar Waves tr\u00e4gst, machst Du den Unterschied!<\/p>\n<\/div>\n<\/div>\n\n\n\n<p><\/p>\n","protected":false},"excerpt":{"rendered":"<p>Wer steckt hinter Waves WAVES ist eine lustige, schicke und farbenfrohe Flip-Flops-Kollektion aus Sri Lanka, die nach der Sch\u00f6nheit Sri Lankas benannt ist. Die Rohstoffe, die bei der Herstellung von Waves verwendet werden, werden mit gr\u00f6\u00dfter Sorgfalt ausgew\u00e4hlt, um keine Sch\u00e4den in der Natur zu hinterlassen. Deshalb wird [&hellip;]<\/p>\n","protected":false},"author":3,"featured_media":0,"parent":137,"menu_order":0,"comment_status":"closed","ping_status":"closed","template":"","meta":{"_acf_changed":false,"footnotes":""},"class_list":["post-448","page","type-page","status-publish","hentry"],"acf":[],"_links":{"self":[{"href":"https:\/\/www.waves.fashion\/de\/wp-json\/wp\/v2\/pages\/448","targetHints":{"allow":["GET"]}}],"collection":[{"href":"https:\/\/www.waves.fashion\/de\/wp-json\/wp\/v2\/pages"}],"about":[{"href":"https:\/\/www.waves.fashion\/de\/wp-json\/wp\/v2\/types\/page"}],"author":[{"embeddable":true,"href":"https:\/\/www.waves.fashion\/de\/wp-json\/wp\/v2\/users\/3"}],"replies":[{"embeddable":true,"href":"https:\/\/www.waves.fashion\/de\/wp-json\/wp\/v2\/comments?post=448"}],"version-history":[{"count":2,"href":"https:\/\/www.waves.fashion\/de\/wp-json\/wp\/v2\/pages\/448\/revisions"}],"predecessor-version":[{"id":2166,"href":"https:\/\/www.waves.fashion\/de\/wp-json\/wp\/v2\/pages\/448\/revisions\/2166"}],"up":[{"embeddable":true,"href":"https:\/\/www.waves.fashion\/de\/wp-json\/wp\/v2\/pages\/137"}],"wp:attachment":[{"href":"https:\/\/www.waves.fashion\/de\/wp-json\/wp\/v2\/media?parent=448"}],"curies":[{"name":"wp","href":"https:\/\/api.w.org\/{rel}","templated":true}]}}