{"id":450,"date":"2020-11-03T09:32:16","date_gmt":"2020-11-03T08:32:16","guid":{"rendered":"https:\/\/www.waves.fashion\/?page_id=450"},"modified":"2024-12-11T18:23:56","modified_gmt":"2024-12-11T17:23:56","slug":"faq","status":"publish","type":"page","link":"https:\/\/www.waves.fashion\/de\/waves\/faq\/","title":{"rendered":"FAQ"},"content":{"rendered":"\n<p>Hier findet ihr die h\u00e4ufigsten Fragen rund um Waves!<\/p>\n\n\n\n<p>Du vermisst Infos oder hast eine Frage? Bitte wende dich an unseren&nbsp;<a href=\"https:\/\/www.fair.zone\/de\/kontakt\/\">Kontakt<\/a>, dann k\u00f6nnen wir allgemein relevante Antworten f\u00fcr dich und die Community hier ver\u00f6ffentlichen.<\/p>\n\n\n\n<h2 class=\"wp-block-heading\"><strong>Welche Gr\u00f6\u00dfe sollte ich bestellen? <\/strong><\/h2>\n\n\n\n<p>Unsere Flip-Flops sind gr\u00f6\u00dfengetreu und anderen Zehentrenner-Marken sehr \u00e4hnlich. Das bedeutet, dass Sie die Schuhgr\u00f6\u00dfe kaufen sollten, die Sie normalerweise tragen. Wenn Du zwischen zwei Gr\u00f6\u00dfen schwankst, empfehlen wir Dir, eine Nummer gr\u00f6\u00dfer zu bestellen.<\/p>\n\n\n\n<hr class=\"wp-block-separator has-css-opacity\"\/>\n\n\n\n<h2 class=\"wp-block-heading\"><strong>Eure Flip-Flops sind umweltfreundlich, aber ihr bezieht eure Ware aus Sri Lanka, wie kann das umweltfreundlich sein?<\/strong><\/h2>\n\n\n\n<p>F\u00fcr die Klimabilanz ist es umweltfreundlicher, wenn wir den nat\u00fcrlichen und in FSC zertifizierten Plantagen nachwachsenden Rohstoff Naturkautschuk f\u00fcr unsere Produkte verwenden und mit dem Schiff nach Deutschland bringen, als Produkte anzubieten, die erd\u00f6lbasierend aus Kunststoff sonst wo auf der Welt hergestellt werden.<\/p>\n\n\n\n<p>Der positive Nebeneffekt bei unseren Produkten liegt darin, dass unsere Produzierende an jedem verkauften Naturkautschuk Produkt im Rahmen einer Fair Trade Pr\u00e4mie partizipiert haben. Siehe auch <a href=\"https:\/\/www.fairrubber.org\/\" data-type=\"URL\" data-id=\"https:\/\/www.fairrubber.org\/\">www.fairrubber.org<\/a><\/p>\n\n\n\n<hr class=\"wp-block-separator has-css-opacity\"\/>\n\n\n\n<h2 class=\"wp-block-heading\"><strong>Ist Kautschuk nachhaltig?<\/strong><\/h2>\n\n\n\n<p>Naturkautschuk ist ein nat\u00fcrlicher und nachwachsender Rohstoff. Der \u201eHevea Brasiliensis\u201c Baum, aus dem unser Gummi gezapft wird, hat eine exzellente Klimabilanz und speichert sehr viel CO2. F\u00fcr den wachsenden Bedarf unseres Gummis muss kein Dschungel gerodet werden, denn die Plantagen wurden bereits vor \u00fcber 150 Jahren auf Sri Lanka angelegt. Durch die FSC Zertifizierung wird sicher gestellt, dass die Biodiversit\u00e4t erhalten und eine nachhaltige Forstwirtschaft umgesetzt wird. Siehe auch <a href=\"http:\/\/www.fsc.org\">www.fsc.org<\/a><\/p>\n\n\n\n<hr class=\"wp-block-separator has-css-opacity\"\/>\n\n\n\n<h2 class=\"wp-block-heading\"><strong>Wie werden eure Waves versendet?<\/strong><\/h2>\n\n\n\n<p><br>Wir sind ein Zero Waste Unternehmen und verwenden beim Versand unserer Produkte kein Plastik.&nbsp; Unsere Packmittel bestehen ausschlie\u00dflich aus Pappe, die wir meistens aus zugesendeten Paketen wieder verwenden.<br><\/p>\n\n\n\n<hr class=\"wp-block-separator has-css-opacity\"\/>\n\n\n\n<h2 class=\"wp-block-heading\"><strong>Sind eure Farbstoffe umweltfreundlich?<\/strong><\/h2>\n\n\n\n<p>Wir verwenden nat\u00fcrliche Pigmente zur Einf\u00e4rbung unserer Gummiplatten. Die von uns verwendeten Pigmente sind ungiftig und schwermetallfrei. Dar\u00fcber hinaus sind die Farbstoffe vegan.<\/p>\n\n\n\n<hr class=\"wp-block-separator has-css-opacity\"\/>\n\n\n\n<h2 class=\"wp-block-heading\"><strong>Wo werden eure Flip-Flops hergestellt?<\/strong><\/h2>\n\n\n\n<p>Das Herz unseres Unternehmens wurde in Sri Lanka gegr\u00fcndet. Unsere Waves werden weiterhin in Sri Lanka hergestellt.<\/p>\n\n\n\n<p><br><br><\/p>\n\n\n\n<figure class=\"wp-block-image size-large\"><img loading=\"lazy\" decoding=\"async\" width=\"1350\" height=\"185\" src=\"https:\/\/www.waves.fashion\/wp-content\/uploads\/2020\/11\/hero_leine.jpg\" alt=\"\" class=\"wp-image-735\" srcset=\"https:\/\/www.waves.fashion\/wp-content\/uploads\/2020\/11\/hero_leine.jpg 1350w, https:\/\/www.waves.fashion\/wp-content\/uploads\/2020\/11\/hero_leine-768x105.jpg 768w\" sizes=\"auto, (max-width: 1350px) 100vw, 1350px\" \/><\/figure>\n","protected":false},"excerpt":{"rendered":"<p>Hier findet ihr die h\u00e4ufigsten Fragen rund um Waves! Du vermisst Infos oder hast eine Frage? Bitte wende dich an unseren&nbsp;Kontakt, dann k\u00f6nnen wir allgemein relevante Antworten f\u00fcr dich und die Community hier ver\u00f6ffentlichen. Welche Gr\u00f6\u00dfe sollte ich bestellen? Unsere Flip-Flops sind gr\u00f6\u00dfengetreu und anderen Zehentrenner-Marken sehr \u00e4hnlich. [&hellip;]<\/p>\n","protected":false},"author":3,"featured_media":0,"parent":137,"menu_order":0,"comment_status":"closed","ping_status":"closed","template":"","meta":{"_acf_changed":false,"footnotes":""},"class_list":["post-450","page","type-page","status-publish","hentry"],"acf":[],"_links":{"self":[{"href":"https:\/\/www.waves.fashion\/de\/wp-json\/wp\/v2\/pages\/450","targetHints":{"allow":["GET"]}}],"collection":[{"href":"https:\/\/www.waves.fashion\/de\/wp-json\/wp\/v2\/pages"}],"about":[{"href":"https:\/\/www.waves.fashion\/de\/wp-json\/wp\/v2\/types\/page"}],"author":[{"embeddable":true,"href":"https:\/\/www.waves.fashion\/de\/wp-json\/wp\/v2\/users\/3"}],"replies":[{"embeddable":true,"href":"https:\/\/www.waves.fashion\/de\/wp-json\/wp\/v2\/comments?post=450"}],"version-history":[{"count":6,"href":"https:\/\/www.waves.fashion\/de\/wp-json\/wp\/v2\/pages\/450\/revisions"}],"predecessor-version":[{"id":2206,"href":"https:\/\/www.waves.fashion\/de\/wp-json\/wp\/v2\/pages\/450\/revisions\/2206"}],"up":[{"embeddable":true,"href":"https:\/\/www.waves.fashion\/de\/wp-json\/wp\/v2\/pages\/137"}],"wp:attachment":[{"href":"https:\/\/www.waves.fashion\/de\/wp-json\/wp\/v2\/media?parent=450"}],"curies":[{"name":"wp","href":"https:\/\/api.w.org\/{rel}","templated":true}]}}