{"id":569,"date":"2020-11-04T13:01:55","date_gmt":"2020-11-04T12:01:55","guid":{"rendered":"https:\/\/www.waves.fashion\/?page_id=569"},"modified":"2022-06-20T08:57:45","modified_gmt":"2022-06-20T06:57:45","slug":"groessentabelle","status":"publish","type":"page","link":"https:\/\/www.waves.fashion\/de\/groessentabelle\/","title":{"rendered":"Gr\u00f6\u00dfentabelle"},"content":{"rendered":"\n<div class=\"wp-block-columns is-layout-flex wp-container-core-columns-is-layout-9d6595d7 wp-block-columns-is-layout-flex\">\n<div class=\"wp-block-column is-layout-flow wp-block-column-is-layout-flow\" style=\"flex-basis:33.33%\">\n<div data-wp-interactive=\"core\/file\" class=\"wp-block-file\"><object data-wp-bind--hidden=\"!state.hasPdfPreview\" hidden class=\"wp-block-file__embed\" data=\"https:\/\/www.waves.fashion\/wp-content\/uploads\/2022\/06\/WAVES-Groessentabelle-210210mm.pdf\" type=\"application\/pdf\" style=\"width:100%;height:600px\" aria-label=\"Einbettung von Einbettung von WAVES-Groessentabelle-210210mm..\"><\/object><a id=\"wp-block-file--media-9f7d2d20-aa52-42b3-8da2-f29db70a2cc3\" href=\"https:\/\/www.waves.fashion\/wp-content\/uploads\/2022\/06\/WAVES-Groessentabelle-210210mm.pdf\">WAVES-Groessentabelle-210210mm<\/a><a href=\"https:\/\/www.waves.fashion\/wp-content\/uploads\/2022\/06\/WAVES-Groessentabelle-210210mm.pdf\" class=\"wp-block-file__button\" download aria-describedby=\"wp-block-file--media-9f7d2d20-aa52-42b3-8da2-f29db70a2cc3\">Herunterladen<\/a><\/div>\n<\/div>\n\n\n\n<div class=\"wp-block-column is-layout-flow wp-block-column-is-layout-flow\" style=\"flex-basis:66.66%\">\n<h2 class=\"wp-block-heading\">Gr\u00f6\u00dfentabelle<\/h2>\n\n\n\n<p>Mit den Shuhgr\u00f6\u00dfen ist das ja immer so eine Sache. Daher eine praktische Hilfe, um die optimale Schuhgr\u00f6\u00dfe f\u00fcr deine WAVES herauszufinden. Einfach bereitgestellte PDF-Datei laden, ausdrucken und nachfolgende Schritte durchf\u00fchren<\/p>\n\n\n\n<p>Einfach Deinen Fu\u00df abmessen und in der Tabelle ablesen, welche Gr\u00f6\u00dfe f\u00fcr dich optimal ist.<\/p>\n<\/div>\n<\/div>\n","protected":false},"excerpt":{"rendered":"<p>Gr\u00f6\u00dfentabelle Mit den Shuhgr\u00f6\u00dfen ist das ja immer so eine Sache. Daher eine praktische Hilfe, um die optimale Schuhgr\u00f6\u00dfe f\u00fcr deine WAVES herauszufinden. Einfach bereitgestellte PDF-Datei laden, ausdrucken und nachfolgende Schritte durchf\u00fchren Einfach Deinen Fu\u00df abmessen und in der Tabelle ablesen, welche Gr\u00f6\u00dfe f\u00fcr dich optimal ist.<\/p>\n","protected":false},"author":3,"featured_media":0,"parent":0,"menu_order":40,"comment_status":"closed","ping_status":"closed","template":"","meta":{"_acf_changed":false,"footnotes":""},"class_list":["post-569","page","type-page","status-publish","hentry"],"acf":[],"_links":{"self":[{"href":"https:\/\/www.waves.fashion\/de\/wp-json\/wp\/v2\/pages\/569","targetHints":{"allow":["GET"]}}],"collection":[{"href":"https:\/\/www.waves.fashion\/de\/wp-json\/wp\/v2\/pages"}],"about":[{"href":"https:\/\/www.waves.fashion\/de\/wp-json\/wp\/v2\/types\/page"}],"author":[{"embeddable":true,"href":"https:\/\/www.waves.fashion\/de\/wp-json\/wp\/v2\/users\/3"}],"replies":[{"embeddable":true,"href":"https:\/\/www.waves.fashion\/de\/wp-json\/wp\/v2\/comments?post=569"}],"version-history":[{"count":9,"href":"https:\/\/www.waves.fashion\/de\/wp-json\/wp\/v2\/pages\/569\/revisions"}],"predecessor-version":[{"id":2060,"href":"https:\/\/www.waves.fashion\/de\/wp-json\/wp\/v2\/pages\/569\/revisions\/2060"}],"wp:attachment":[{"href":"https:\/\/www.waves.fashion\/de\/wp-json\/wp\/v2\/media?parent=569"}],"curies":[{"name":"wp","href":"https:\/\/api.w.org\/{rel}","templated":true}]}}