{"id":1327,"date":"2020-11-24T17:08:01","date_gmt":"2020-11-24T16:08:01","guid":{"rendered":"https:\/\/www.waves.fashion\/contact\/"},"modified":"2025-03-07T20:50:32","modified_gmt":"2025-03-07T19:50:32","slug":"contact","status":"publish","type":"page","link":"https:\/\/www.waves.fashion\/fr\/contact\/","title":{"rendered":"Contact"},"content":{"rendered":"\n<div class=\"wp-block-columns is-layout-flex wp-container-core-columns-is-layout-9d6595d7 wp-block-columns-is-layout-flex\">\n<div class=\"wp-block-column is-layout-flow wp-block-column-is-layout-flow\" style=\"flex-basis:33.33%\"><\/div>\n\n\n\n<div class=\"wp-block-column is-layout-flow wp-block-column-is-layout-flow\" style=\"flex-basis:66.66%\">\n<h1 class=\"wp-block-heading\">Nous sommes \u00e0 votre disposition si vous avez encore des questions.<\/h1>\n\n\n\n<p>Vous \u00eates repr\u00e9sentant de presse et souhaitez des informations sur nos produits ? Vous \u00eates commer\u00e7ant et voulez int\u00e9grer la gamme FAIR SQUARED \u00e0 votre boutique ? Ou vous avez tout simplement des questions ?<\/p>\n\n\n\n<div class=\"wp-block-buttons is-layout-flex wp-block-buttons-is-layout-flex\">\n<div class=\"wp-block-button\"><a class=\"wp-block-button__link wp-element-button\" href=\"&#109;&#97;&#x69;l&#116;&#x6f;&#x3a;i&#110;&#x66;&#x6f;&#64;&#102;&#x61;i&#114;&#x73;&#x71;u&#97;&#x72;&#x65;d&#46;&#x63;o&#109;\">Contactez-nous<\/a><\/div>\n<\/div>\n\n\n\n<div style=\"height:40px\" aria-hidden=\"true\" class=\"wp-block-spacer\"><\/div>\n\n\n\n<p>E-Mail: <a href=\"&#x6d;&#97;&#105;l&#x74;&#x6f;&#58;i&#x6e;&#x66;&#111;&#64;f&#x61;&#105;&#114;s&#x71;&#x75;&#97;r&#x65;&#x64;&#46;&#99;o&#x6d;\">i&#110;&#x66;&#x6f;&#x40;f&#97;&#105;&#x72;&#x73;q&#117;&#97;&#x72;&#x65;d&#46;&#99;&#x6f;&#x6d;<\/a><br>T\u00e9l\u00e9phone: <a href=\"tel:+4922349296600\">+49 (0) 2234 \u2013 9296600<\/a><br>Fax: +49 (0) 2234 \u2013 9296690<\/p>\n\n\n\n<p><strong>Nous avons h\u00e2te de vous entendre !<\/strong><\/p>\n<\/div>\n<\/div>\n","protected":false},"excerpt":{"rendered":"<p>Nous sommes \u00e0 votre disposition si vous avez encore des questions. Vous \u00eates repr\u00e9sentant de presse et souhaitez des informations sur nos produits ? Vous \u00eates commer\u00e7ant et voulez int\u00e9grer la gamme FAIR SQUARED \u00e0 votre boutique ? Ou vous avez tout simplement des questions ? E-Mail: info&#64;fairsquared&#46;comT\u00e9l\u00e9phone: [&hellip;]<\/p>\n","protected":false},"author":2,"featured_media":0,"parent":0,"menu_order":20,"comment_status":"closed","ping_status":"closed","template":"page-kontakt.php","meta":{"_acf_changed":false,"footnotes":""},"class_list":["post-1327","page","type-page","status-publish","hentry"],"acf":[],"_links":{"self":[{"href":"https:\/\/www.waves.fashion\/fr\/wp-json\/wp\/v2\/pages\/1327","targetHints":{"allow":["GET"]}}],"collection":[{"href":"https:\/\/www.waves.fashion\/fr\/wp-json\/wp\/v2\/pages"}],"about":[{"href":"https:\/\/www.waves.fashion\/fr\/wp-json\/wp\/v2\/types\/page"}],"author":[{"embeddable":true,"href":"https:\/\/www.waves.fashion\/fr\/wp-json\/wp\/v2\/users\/2"}],"replies":[{"embeddable":true,"href":"https:\/\/www.waves.fashion\/fr\/wp-json\/wp\/v2\/comments?post=1327"}],"version-history":[{"count":5,"href":"https:\/\/www.waves.fashion\/fr\/wp-json\/wp\/v2\/pages\/1327\/revisions"}],"predecessor-version":[{"id":2311,"href":"https:\/\/www.waves.fashion\/fr\/wp-json\/wp\/v2\/pages\/1327\/revisions\/2311"}],"wp:attachment":[{"href":"https:\/\/www.waves.fashion\/fr\/wp-json\/wp\/v2\/media?parent=1327"}],"curies":[{"name":"wp","href":"https:\/\/api.w.org\/{rel}","templated":true}]}}