{"id":1331,"date":"2020-11-24T17:14:13","date_gmt":"2020-11-24T16:14:13","guid":{"rendered":"https:\/\/www.waves.fashion\/tableau-des-tailles\/"},"modified":"2022-03-12T09:34:19","modified_gmt":"2022-03-12T08:34:19","slug":"tableau-des-tailles","status":"publish","type":"page","link":"https:\/\/www.waves.fashion\/fr\/tableau-des-tailles\/","title":{"rendered":"Tableau des tailles"},"content":{"rendered":"\n<div class=\"wp-block-columns is-layout-flex wp-container-core-columns-is-layout-9d6595d7 wp-block-columns-is-layout-flex\">\n<div class=\"wp-block-column is-layout-flow wp-block-column-is-layout-flow\" style=\"flex-basis:33.33%\">\n<div data-wp-interactive=\"core\/file\" class=\"wp-block-file\"><object data-wp-bind--hidden=\"!state.hasPdfPreview\" hidden class=\"wp-block-file__embed\" data=\"https:\/\/www.waves.fashion\/wp-content\/uploads\/2022\/03\/Schuhgroessen.pdf\" type=\"application\/pdf\" style=\"width:100%;height:600px\" aria-label=\"Contenu embarqu\u00e9 Einbettung von Schuhgroessen..\"><\/object><a id=\"wp-block-file--media-75c8e5ca-5e87-4d19-be54-af26d440fa81\" href=\"https:\/\/www.waves.fashion\/wp-content\/uploads\/2022\/03\/Schuhgroessen.pdf\">Schuhgroessen<\/a><a href=\"https:\/\/www.waves.fashion\/wp-content\/uploads\/2022\/03\/Schuhgroessen.pdf\" class=\"wp-block-file__button\" download aria-describedby=\"wp-block-file--media-75c8e5ca-5e87-4d19-be54-af26d440fa81\">Download<\/a><\/div>\n<\/div>\n\n\n\n<div class=\"wp-block-column is-layout-flow wp-block-column-is-layout-flow\" style=\"flex-basis:66.66%\">\n<h2 class=\"wp-block-heading\">Tableau des tailles<\/h2>\n\n\n\n<p>Les tailles de chaussures, c&rsquo;est toujours un probl\u00e8me. Voici donc une aide pratique pour trouver la pointure optimale pour tes WAVES. Il suffit de t\u00e9l\u00e9charger le fichier PDF mis \u00e0 disposition, de l&rsquo;imprimer et de proc\u00e9der comme suit<\/p>\n\n\n\n<ol class=\"wp-block-list\"><li>Place ton pied sur les lignes verticales.<\/li><li>Laisse un peu d&rsquo;espace au niveau du talon pour que tu puisses encore voir la ligne horizontale inf\u00e9rieure.<\/li><li>Regarde maintenant quelle ligne horizontale passe au-dessus de ton gros orteil.<\/li><li>Lis maintenant dans le tableau de gauche quelle est la taille optimale pour toi.<\/li><\/ol>\n<\/div>\n<\/div>\n","protected":false},"excerpt":{"rendered":"<p>Tableau des tailles Les tailles de chaussures, c&rsquo;est toujours un probl\u00e8me. Voici donc une aide pratique pour trouver la pointure optimale pour tes WAVES. Il suffit de t\u00e9l\u00e9charger le fichier PDF mis \u00e0 disposition, de l&rsquo;imprimer et de proc\u00e9der comme suit Place ton pied sur les lignes verticales. [&hellip;]<\/p>\n","protected":false},"author":3,"featured_media":0,"parent":0,"menu_order":40,"comment_status":"closed","ping_status":"closed","template":"","meta":{"_acf_changed":false,"footnotes":""},"class_list":["post-1331","page","type-page","status-publish","hentry"],"acf":[],"_links":{"self":[{"href":"https:\/\/www.waves.fashion\/fr\/wp-json\/wp\/v2\/pages\/1331","targetHints":{"allow":["GET"]}}],"collection":[{"href":"https:\/\/www.waves.fashion\/fr\/wp-json\/wp\/v2\/pages"}],"about":[{"href":"https:\/\/www.waves.fashion\/fr\/wp-json\/wp\/v2\/types\/page"}],"author":[{"embeddable":true,"href":"https:\/\/www.waves.fashion\/fr\/wp-json\/wp\/v2\/users\/3"}],"replies":[{"embeddable":true,"href":"https:\/\/www.waves.fashion\/fr\/wp-json\/wp\/v2\/comments?post=1331"}],"version-history":[{"count":3,"href":"https:\/\/www.waves.fashion\/fr\/wp-json\/wp\/v2\/pages\/1331\/revisions"}],"predecessor-version":[{"id":2047,"href":"https:\/\/www.waves.fashion\/fr\/wp-json\/wp\/v2\/pages\/1331\/revisions\/2047"}],"wp:attachment":[{"href":"https:\/\/www.waves.fashion\/fr\/wp-json\/wp\/v2\/media?parent=1331"}],"curies":[{"name":"wp","href":"https:\/\/api.w.org\/{rel}","templated":true}]}}