{"id":1337,"date":"2020-11-24T17:17:23","date_gmt":"2020-11-24T16:17:23","guid":{"rendered":"https:\/\/www.waves.fashion\/partner\/fair-rubber\/"},"modified":"2020-12-15T13:44:40","modified_gmt":"2020-12-15T12:44:40","slug":"fair-rubber","status":"publish","type":"page","link":"https:\/\/www.waves.fashion\/fr\/partenaires\/fair-rubber\/","title":{"rendered":"Fair Rubber"},"content":{"rendered":"\n<div class=\"wp-block-columns is-layout-flex wp-container-core-columns-is-layout-9d6595d7 wp-block-columns-is-layout-flex\">\n<div class=\"wp-block-column is-layout-flow wp-block-column-is-layout-flow\" style=\"flex-basis:33.33%\">\n<figure class=\"wp-block-image size-large\"><img loading=\"lazy\" decoding=\"async\" width=\"384\" height=\"270\" src=\"https:\/\/www.waves.fashion\/wp-content\/uploads\/2020\/11\/fair_Rubber.jpg\" alt=\"Fair Rubber\" class=\"wp-image-598\"\/><\/figure>\n<\/div>\n\n\n\n<div class=\"wp-block-column is-layout-flow wp-block-column-is-layout-flow\" style=\"flex-basis:66.66%\">\n<h2 class=\"wp-block-heading\">Fair Rubber e. V.<\/h2>\n\n\n\n<p>Toutes les mati\u00e8res premi\u00e8res que travaille FAIR SQUARED ne sont pas recens\u00e9es par la Fair Label Organisation e.V. (FLO). Pour cela il existe bien trop de mati\u00e8res premi\u00e8res naturelles. Une de ces mati\u00e8res premi\u00e8res est le caoutchouc naturel (liquide : latex), plus connu sous le nom de gomme. Il est fabriqu\u00e9 \u00e0 base de la s\u00e8ve de l\u2019arbre tropical \u00ab Hevea Brasiliensis \u00bb.<\/p>\n\n\n\n<p>L\u2019organisation Fair Rubber e.v. a pour but d\u2019 \u00ab apporter sa contribution \u00e0 l\u2019am\u00e9lioration des conditions de vie et de travail des producteurs primaires de gomme, dans<br>la mesure o\u00f9 les principes du commerce \u00e9quitable sont appliqu\u00e9s aux producteurs de gomme \u00bb. C\u2019est ce qu\u2019il y a dans les statuts. Mais qu\u2019est-ce que \u00e7a veut dire ?<br>Fair Rubber est bon pour les Hommes. Aujourd\u2019hui, les producteurs primaires de caoutchouc naturel, les travailleurs des plantations et les petits agriculteurs ont la possibilit\u00e9 de prendre part au commerce \u00e9quitable.<\/p>\n\n\n\n<p>Mais les prix faibles les mettent dans l\u2019impossibilit\u00e9 de subvenir aux besoins vitaux de leur famille avec leur travail. C\u2019est ici que Fair Rubber intervient :<br>par le paiement d\u2019une prime du commerce \u00e9quitable de 0,50 \u20ac par kg de caoutchouc (masse s\u00e8che \u2013 Dry Rubber Content, DRC), on peut assurer dans la mesure du possible, que m\u00eame les prix du march\u00e9 mondial les plus bas couvrent leurs co\u00fbts de production. En dehors de cela, gr\u00e2ce aux primes du commerce \u00e9quitable, il reste une petite marge de manoeuvre pour prendre des mesures visant \u00e0 am\u00e9liorer leurs conditions de vie et de travail.<\/p>\n\n\n\n<p>Ce sont les producteurs, eux-m\u00eames, qui d\u00e9cident de l\u2019utilisation de cette prime : par le comit\u00e9 directeur de l\u2019organisation de petits producteurs, ou, pour les plantations, par la commission, compos\u00e9\/e de d\u00e9l\u00e9gu\u00e9s de gestion et de repr\u00e9sentants du personnel.<\/p>\n<\/div>\n<\/div>\n\n\n\n<div class=\"wp-block-buttons is-layout-flex wp-block-buttons-is-layout-flex\">\n<div class=\"wp-block-button is-style-outline is-style-outline--1\"><a class=\"wp-block-button__link no-border-radius\" href=\"https:\/\/www.fairrubber.org\/\">FAIR RUBBER<\/a><\/div>\n<\/div>\n\n\n\n<p><\/p>\n","protected":false},"excerpt":{"rendered":"<p>Fair Rubber e. V. Toutes les mati\u00e8res premi\u00e8res que travaille FAIR SQUARED ne sont pas recens\u00e9es par la Fair Label Organisation e.V. (FLO). Pour cela il existe bien trop de mati\u00e8res premi\u00e8res naturelles. Une de ces mati\u00e8res premi\u00e8res est le caoutchouc naturel (liquide : latex), plus connu sous [&hellip;]<\/p>\n","protected":false},"author":2,"featured_media":0,"parent":1254,"menu_order":1,"comment_status":"closed","ping_status":"closed","template":"","meta":{"_acf_changed":false,"footnotes":""},"class_list":["post-1337","page","type-page","status-publish","hentry"],"acf":[],"_links":{"self":[{"href":"https:\/\/www.waves.fashion\/fr\/wp-json\/wp\/v2\/pages\/1337","targetHints":{"allow":["GET"]}}],"collection":[{"href":"https:\/\/www.waves.fashion\/fr\/wp-json\/wp\/v2\/pages"}],"about":[{"href":"https:\/\/www.waves.fashion\/fr\/wp-json\/wp\/v2\/types\/page"}],"author":[{"embeddable":true,"href":"https:\/\/www.waves.fashion\/fr\/wp-json\/wp\/v2\/users\/2"}],"replies":[{"embeddable":true,"href":"https:\/\/www.waves.fashion\/fr\/wp-json\/wp\/v2\/comments?post=1337"}],"version-history":[{"count":2,"href":"https:\/\/www.waves.fashion\/fr\/wp-json\/wp\/v2\/pages\/1337\/revisions"}],"predecessor-version":[{"id":1513,"href":"https:\/\/www.waves.fashion\/fr\/wp-json\/wp\/v2\/pages\/1337\/revisions\/1513"}],"up":[{"embeddable":true,"href":"https:\/\/www.waves.fashion\/fr\/wp-json\/wp\/v2\/pages\/1254"}],"wp:attachment":[{"href":"https:\/\/www.waves.fashion\/fr\/wp-json\/wp\/v2\/media?parent=1337"}],"curies":[{"name":"wp","href":"https:\/\/api.w.org\/{rel}","templated":true}]}}