{"id":1343,"date":"2020-11-24T17:18:31","date_gmt":"2020-11-24T16:18:31","guid":{"rendered":"https:\/\/www.waves.fashion\/partner\/fair-squared\/"},"modified":"2021-03-18T08:26:41","modified_gmt":"2021-03-18T07:26:41","slug":"vegan","status":"publish","type":"page","link":"https:\/\/www.waves.fashion\/fr\/partenaires\/vegan\/","title":{"rendered":""},"content":{"rendered":"\n<div class=\"wp-block-columns is-layout-flex wp-container-core-columns-is-layout-9d6595d7 wp-block-columns-is-layout-flex\">\n<div class=\"wp-block-column is-layout-flow wp-block-column-is-layout-flow\" style=\"flex-basis:33.33%\">\n<figure class=\"wp-block-image size-large\"><img loading=\"lazy\" decoding=\"async\" width=\"384\" height=\"270\" src=\"https:\/\/www.waves.fashion\/wp-content\/uploads\/2021\/01\/veganl_logo_kl.jpg\" alt=\"\" class=\"wp-image-1588\"\/><\/figure>\n\n\n\n<div class=\"wp-block-buttons is-layout-flex wp-block-buttons-is-layout-flex\"><\/div>\n<\/div>\n\n\n\n<div class=\"wp-block-column is-layout-flow wp-block-column-is-layout-flow\" style=\"flex-basis:66.66%\">\n<h2 class=\"wp-block-heading\">Nos Waves sont VEGAN.<\/h2>\n\n\n\n<p><br>Souvent, les chaussures contiennent des produits animaux, qui ne sont pas tout de suite d\u00e9tectables, comme la colle \u00e0 chaussures par exemple, qui peut contenir des prot\u00e9ines animales. Nous pouvons vous garantir, qu\u2019aucune de nos tongs ne contient de produits animaux (jusqu\u2019aux colorants).<\/p>\n<\/div>\n<\/div>\n","protected":false},"excerpt":{"rendered":"<p>Nos Waves sont VEGAN. Souvent, les chaussures contiennent des produits animaux, qui ne sont pas tout de suite d\u00e9tectables, comme la colle \u00e0 chaussures par exemple, qui peut contenir des prot\u00e9ines animales. Nous pouvons vous garantir, qu\u2019aucune de nos tongs ne contient de produits animaux (jusqu\u2019aux colorants).<\/p>\n","protected":false},"author":2,"featured_media":0,"parent":1254,"menu_order":3,"comment_status":"closed","ping_status":"closed","template":"","meta":{"_acf_changed":false,"footnotes":""},"class_list":["post-1343","page","type-page","status-publish","hentry"],"acf":[],"_links":{"self":[{"href":"https:\/\/www.waves.fashion\/fr\/wp-json\/wp\/v2\/pages\/1343","targetHints":{"allow":["GET"]}}],"collection":[{"href":"https:\/\/www.waves.fashion\/fr\/wp-json\/wp\/v2\/pages"}],"about":[{"href":"https:\/\/www.waves.fashion\/fr\/wp-json\/wp\/v2\/types\/page"}],"author":[{"embeddable":true,"href":"https:\/\/www.waves.fashion\/fr\/wp-json\/wp\/v2\/users\/2"}],"replies":[{"embeddable":true,"href":"https:\/\/www.waves.fashion\/fr\/wp-json\/wp\/v2\/comments?post=1343"}],"version-history":[{"count":5,"href":"https:\/\/www.waves.fashion\/fr\/wp-json\/wp\/v2\/pages\/1343\/revisions"}],"predecessor-version":[{"id":1630,"href":"https:\/\/www.waves.fashion\/fr\/wp-json\/wp\/v2\/pages\/1343\/revisions\/1630"}],"up":[{"embeddable":true,"href":"https:\/\/www.waves.fashion\/fr\/wp-json\/wp\/v2\/pages\/1254"}],"wp:attachment":[{"href":"https:\/\/www.waves.fashion\/fr\/wp-json\/wp\/v2\/media?parent=1343"}],"curies":[{"name":"wp","href":"https:\/\/api.w.org\/{rel}","templated":true}]}}