{"id":1345,"date":"2020-11-24T17:18:50","date_gmt":"2020-11-24T16:18:50","guid":{"rendered":"https:\/\/www.waves.fashion\/boutique\/"},"modified":"2021-05-05T10:29:42","modified_gmt":"2021-05-05T08:29:42","slug":"boutique","status":"publish","type":"page","link":"https:\/\/www.waves.fashion\/fr\/boutique\/","title":{"rendered":"Boutique"},"content":{"rendered":"\n<div class=\"wp-block-columns is-layout-flex wp-container-core-columns-is-layout-9d6595d7 wp-block-columns-is-layout-flex\">\n<div class=\"wp-block-column is-layout-flow wp-block-column-is-layout-flow\" style=\"flex-basis:33.33%\">\n<figure class=\"wp-block-image size-large\"><img loading=\"lazy\" decoding=\"async\" width=\"384\" height=\"384\" src=\"https:\/\/www.waves.fashion\/wp-content\/uploads\/2020\/11\/fuesse1.jpg\" alt=\"\" class=\"wp-image-729\" srcset=\"https:\/\/www.waves.fashion\/wp-content\/uploads\/2020\/11\/fuesse1.jpg 384w, https:\/\/www.waves.fashion\/wp-content\/uploads\/2020\/11\/fuesse1-150x150.jpg 150w\" sizes=\"auto, (max-width: 384px) 100vw, 384px\" \/><\/figure>\n<\/div>\n\n\n\n<div class=\"wp-block-column is-layout-flow wp-block-column-is-layout-flow\" style=\"flex-basis:66.66%\">\n<h1 class=\"wp-block-heading\"><strong><strong>Notre boutique Waves pour votre commande<\/strong><\/strong><\/h1>\n\n\n\n<p>C\u2019est ici que nous aimerions vous donner la chance de pouvoir acheter directement nos produits Waves, que vous soyez commer\u00e7ant ou tout simplement particulier. Dans les deux cas nous mettons une boutique en ligne \u00e0 votre disposition, un tas de produits \u00e9cologiques et un service client bien pens\u00e9. Pour nos clients B2B, nous avons en plus des <a href=\"https:\/\/www.fairsquared.com\/fr\/commerce\/\">informations pour les commer\u00e7ants<\/a>.<\/p>\n\n\n\n<p><strong><strong><strong>Rendez-vous tout de suite sur notre boutique pour passer votre commande:<\/strong><\/strong><\/strong><\/p>\n\n\n\n<p>si vous \u00eates \u2026<\/p>\n\n\n\n<ul class=\"wp-block-list\"><li><strong><strong>consommateur final, <\/strong>rendez-vous sur notre boutique \u00e0 <strong><a rel=\"noreferrer noopener\" href=\"https:\/\/www.fair2.me\/fr?coID=5\" target=\"_blank\">fair<\/a><a href=\"https:\/\/fair2.me\/en\/brands\/waves\/\" data-type=\"URL\" data-id=\"https:\/\/fair2.me\/en\/brands\/waves\/\" target=\"_blank\" rel=\"noreferrer noopener\">2<\/a><a rel=\"noreferrer noopener\" href=\"https:\/\/www.fair2.me\/fr?coID=5\" target=\"_blank\">.me<\/a><\/strong><\/strong><\/li><li><strong><strong>commer\u00e7ant, <\/strong>rendez-vous \u00e0 l\u2019adresse<strong> <a href=\"https:\/\/shop.fairsquared.info\/fr?coID=5\">shop.fairsquared.info<\/a><\/strong><\/strong><\/li><\/ul>\n\n\n\n<p>Pour le cas o\u00f9 vous habiteriez en <strong>Suisse<\/strong>, rendez-vous sur la boutique suivante&nbsp;:<\/p>\n\n\n\n<ul class=\"wp-block-list\"><li><a href=\"http:\/\/www.rheinbrands.com\">Rheinbrands<\/a>, si vous voulez revendre nos produits (B2B)<\/li><li><a rel=\"noreferrer noopener\" href=\"http:\/\/www.fair2me.ch\/\" target=\"_blank\">B2C-Shop Suisse<\/a> si vous \u00eates <strong>consommateur final<\/strong><\/li><\/ul>\n\n\n\n<p><\/p>\n<\/div>\n<\/div>\n","protected":false},"excerpt":{"rendered":"<p>Notre boutique Waves pour votre commande C\u2019est ici que nous aimerions vous donner la chance de pouvoir acheter directement nos produits Waves, que vous soyez commer\u00e7ant ou tout simplement particulier. Dans les deux cas nous mettons une boutique en ligne \u00e0 votre disposition, un tas de produits \u00e9cologiques [&hellip;]<\/p>\n","protected":false},"author":2,"featured_media":0,"parent":0,"menu_order":5,"comment_status":"closed","ping_status":"closed","template":"","meta":{"_acf_changed":false,"footnotes":""},"class_list":["post-1345","page","type-page","status-publish","hentry"],"acf":[],"_links":{"self":[{"href":"https:\/\/www.waves.fashion\/fr\/wp-json\/wp\/v2\/pages\/1345","targetHints":{"allow":["GET"]}}],"collection":[{"href":"https:\/\/www.waves.fashion\/fr\/wp-json\/wp\/v2\/pages"}],"about":[{"href":"https:\/\/www.waves.fashion\/fr\/wp-json\/wp\/v2\/types\/page"}],"author":[{"embeddable":true,"href":"https:\/\/www.waves.fashion\/fr\/wp-json\/wp\/v2\/users\/2"}],"replies":[{"embeddable":true,"href":"https:\/\/www.waves.fashion\/fr\/wp-json\/wp\/v2\/comments?post=1345"}],"version-history":[{"count":5,"href":"https:\/\/www.waves.fashion\/fr\/wp-json\/wp\/v2\/pages\/1345\/revisions"}],"predecessor-version":[{"id":1984,"href":"https:\/\/www.waves.fashion\/fr\/wp-json\/wp\/v2\/pages\/1345\/revisions\/1984"}],"wp:attachment":[{"href":"https:\/\/www.waves.fashion\/fr\/wp-json\/wp\/v2\/media?parent=1345"}],"curies":[{"name":"wp","href":"https:\/\/api.w.org\/{rel}","templated":true}]}}