{"id":1348,"date":"2020-11-24T17:19:50","date_gmt":"2020-11-24T16:19:50","guid":{"rendered":"https:\/\/www.waves.fashion\/waves\/ethique\/"},"modified":"2020-12-02T13:57:36","modified_gmt":"2020-12-02T12:57:36","slug":"ethique","status":"publish","type":"page","link":"https:\/\/www.waves.fashion\/fr\/waves\/ethique\/","title":{"rendered":"\u00c9thique"},"content":{"rendered":"\n<div class=\"wp-block-columns is-layout-flex wp-container-core-columns-is-layout-9d6595d7 wp-block-columns-is-layout-flex\">\n<div class=\"wp-block-column is-layout-flow wp-block-column-is-layout-flow\" style=\"flex-basis:33.33%\">\n<figure class=\"wp-block-image size-large\"><img loading=\"lazy\" decoding=\"async\" width=\"384\" height=\"384\" src=\"https:\/\/www.waves.fashion\/wp-content\/uploads\/2020\/11\/vegan__.jpg\" alt=\"vegan\" class=\"wp-image-530\" srcset=\"https:\/\/www.waves.fashion\/wp-content\/uploads\/2020\/11\/vegan__.jpg 384w, https:\/\/www.waves.fashion\/wp-content\/uploads\/2020\/11\/vegan__-150x150.jpg 150w\" sizes=\"auto, (max-width: 384px) 100vw, 384px\" \/><\/figure>\n\n\n\n<figure class=\"wp-block-image size-large\"><img loading=\"lazy\" decoding=\"async\" width=\"384\" height=\"205\" src=\"https:\/\/www.waves.fashion\/wp-content\/uploads\/2020\/11\/maenner.jpg\" alt=\"\" class=\"wp-image-746\"\/><\/figure>\n<\/div>\n\n\n\n<div class=\"wp-block-column is-layout-flow wp-block-column-is-layout-flow\" style=\"flex-basis:66.66%\">\n<h2 class=\"wp-block-heading\"><h3>Soutenir les personnes et prot\u00e9ger les animaux<\/h3><\/h2>\n\n\n\n<p>Nous ne nous engageons pas seulement pour l\u2019environnement, les principes \u00e9thiques se retrouvent \u00e9galement au centre de notre processus de production. C\u2019est pour cette raison que nous achetons notre caoutchouc naturel dans des productions durables de caoutchouc au Sri Lanka. En plus de cela, vous pouvez \u00eatre s\u00fbr que chaque achat Waves soutient la communaut\u00e9 sri lankaise de producteurs de caoutchouc et leur offre la possibilit\u00e9 de construire des bases de vie s\u00fbres, solides et durables. Chez Waves, nous sommes d\u2019avis que nos produits, ne sont pas seulement confortables, mais qu\u2019ils aident aussi les Hommes qui les produisent. <\/p>\n\n\n\n<p>Outre l&rsquo;environnement, nous prenons \u00e9galement au s\u00e9rieux l&rsquo;habitat des animaux. Il est important pour nous que nos s\u00e9parateurs d&rsquo;orteils ne prot\u00e8gent pas seulement l&rsquo;environnement, mais que toutes nos chaussures soient \u00e9galement v\u00e9g\u00e9taliennes. Parce qu&rsquo;il est tout simplement dans notre nature d&rsquo;\u00eatre respectueux des animaux.<\/p>\n\n\n\n<p>Nous pouvons dire avec fiert\u00e9 que nous ne vendons que des s\u00e9parateurs d&rsquo;orteils en caoutchouc naturel. En utilisant du caoutchouc 100% naturel avec le sceau de la certification <a href=\"https:\/\/www.fairrubber.org\/english\/\">Fair Rubber<\/a>, nous pouvons \u00eatre s\u00fbrs que les animaux sauvages sont \u00e9galement prot\u00e9g\u00e9s jusqu&rsquo;aux plantations.<\/p>\n<\/div>\n<\/div>\n","protected":false},"excerpt":{"rendered":"<p>Soutenir les personnes et prot\u00e9ger les animaux Nous ne nous engageons pas seulement pour l\u2019environnement, les principes \u00e9thiques se retrouvent \u00e9galement au centre de notre processus de production. C\u2019est pour cette raison que nous achetons notre caoutchouc naturel dans des productions durables de caoutchouc au Sri Lanka. En [&hellip;]<\/p>\n","protected":false},"author":3,"featured_media":0,"parent":1256,"menu_order":0,"comment_status":"closed","ping_status":"closed","template":"","meta":{"_acf_changed":false,"footnotes":""},"class_list":["post-1348","page","type-page","status-publish","hentry"],"acf":[],"_links":{"self":[{"href":"https:\/\/www.waves.fashion\/fr\/wp-json\/wp\/v2\/pages\/1348","targetHints":{"allow":["GET"]}}],"collection":[{"href":"https:\/\/www.waves.fashion\/fr\/wp-json\/wp\/v2\/pages"}],"about":[{"href":"https:\/\/www.waves.fashion\/fr\/wp-json\/wp\/v2\/types\/page"}],"author":[{"embeddable":true,"href":"https:\/\/www.waves.fashion\/fr\/wp-json\/wp\/v2\/users\/3"}],"replies":[{"embeddable":true,"href":"https:\/\/www.waves.fashion\/fr\/wp-json\/wp\/v2\/comments?post=1348"}],"version-history":[{"count":4,"href":"https:\/\/www.waves.fashion\/fr\/wp-json\/wp\/v2\/pages\/1348\/revisions"}],"predecessor-version":[{"id":1422,"href":"https:\/\/www.waves.fashion\/fr\/wp-json\/wp\/v2\/pages\/1348\/revisions\/1422"}],"up":[{"embeddable":true,"href":"https:\/\/www.waves.fashion\/fr\/wp-json\/wp\/v2\/pages\/1256"}],"wp:attachment":[{"href":"https:\/\/www.waves.fashion\/fr\/wp-json\/wp\/v2\/media?parent=1348"}],"curies":[{"name":"wp","href":"https:\/\/api.w.org\/{rel}","templated":true}]}}