{"id":1350,"date":"2020-11-24T17:21:07","date_gmt":"2020-11-24T16:21:07","guid":{"rendered":"https:\/\/www.waves.fashion\/waves\/faq\/"},"modified":"2020-12-03T10:44:30","modified_gmt":"2020-12-03T09:44:30","slug":"faq","status":"publish","type":"page","link":"https:\/\/www.waves.fashion\/fr\/waves\/faq\/","title":{"rendered":"FAQ"},"content":{"rendered":"\n<p>Vous trouverez ici les questions les plus fr\u00e9quemment pos\u00e9es sur Waves !<\/p>\n\n\n\n<p>Il te manque des informations ou tu as une question ? N\u2019h\u00e9sites pas \u00e0 nous contacter via notre <a href=\"https:\/\/www.waves.fashion\/fr\/contact\/\" data-type=\"page\" data-id=\"1327\">formulaire de contact<\/a>, ainsi nous pouvons partager ici plus de questions int\u00e9ressantes pour toi et la communaut\u00e9.<\/p>\n\n\n\n<h2 class=\"wp-block-heading\"><strong>Quelle taille dois-je commander ?<\/strong><\/h2>\n\n\n\n<p>Nos tongs taillent normalement et sont comme celles des autres tongs sur le march\u00e9. Ce qui veut dire que tu devrais prendre la m\u00eame pointure que pour tes chaussures habituelles. Si tu h\u00e9sites entre deux tailles, nous conseillons de prendre la plus grande des deux.<\/p>\n\n\n\n<hr class=\"wp-block-separator\"\/>\n\n\n\n<h2 class=\"wp-block-heading\"><strong>Vos tongs sont respectueuses de l\u2019environnement, mais vous les exp\u00e9diez depuis le Sri Lanka, en quoi tout \u00e7a, est respectueux de l\u2019environnement ?<\/strong><\/h2>\n\n\n\n<p>Les conditions climatiques froides de l\u2019hiver en Europe ne permettent pas la plantation du caoutchouc et il serait donc impossible de les faire fabriquer ici en Europe. <\/p>\n\n\n\n<p>Nos produits viennent par bateau et non par avion, c\u2019est tr\u00e8s important pour nous. Chaque paire a une emprunte de CO\u00b2 de 4,7 g en lien avec le transport. <\/p>\n\n\n\n<hr class=\"wp-block-separator\"\/>\n\n\n\n<h2 class=\"wp-block-heading\"><strong>Le caoutchouc est durable ?<\/strong><\/h2>\n\n\n\n<p>Le caoutchouc naturel est une mati\u00e8re premi\u00e8re renouvelable. Nous travaillons \u00e9troitement avec les plantations pour nous assurer que le caoutchouc est g\u00e9r\u00e9 et cultiv\u00e9 de fa\u00e7on responsable. De plus, en raison de normes strictes, nous nous assurons que la faune et l\u2019\u00e9cosyst\u00e8me restent prot\u00e9g\u00e9s.<\/p>\n\n\n\n<hr class=\"wp-block-separator\"\/>\n\n\n\n<h2 class=\"wp-block-heading\"><strong>Comment sont exp\u00e9di\u00e9s vos Waves ?<\/strong><\/h2>\n\n\n\n<p>Tous nos produits sont envoy\u00e9s sans plastique. De plus, nos emballages sont recycl\u00e9s.<\/p>\n\n\n\n<hr class=\"wp-block-separator\"\/>\n\n\n\n<h2 class=\"wp-block-heading\"><strong>Vos colorants sont-ils respectueux de l\u2019environnement ?<\/strong><\/h2>\n\n\n\n<p>Nous utilisons des pigments naturels pour la coloration de nos plaques de caoutchouc. Nos pigments ne sont pas toxiques et sont sans m\u00e9taux lourds. De plus, nos colorants sont v\u00e9ganes.<\/p>\n\n\n\n<hr class=\"wp-block-separator\"\/>\n\n\n\n<h2 class=\"wp-block-heading\"><strong>O\u00f9 sont produites vos tongs ?<\/strong><\/h2>\n\n\n\n<p>Le coeur de otre entreprise a \u00e9t\u00e9 fond\u00e9 au Sri Lanka. Nos Waves sont produites au Sri Lanka.<\/p>\n\n\n\n<p><br><br><\/p>\n\n\n\n<figure class=\"wp-block-image size-large\"><img loading=\"lazy\" decoding=\"async\" width=\"1350\" height=\"185\" src=\"https:\/\/www.waves.fashion\/wp-content\/uploads\/2020\/11\/hero_leine.jpg\" alt=\"\" class=\"wp-image-735\" srcset=\"https:\/\/www.waves.fashion\/wp-content\/uploads\/2020\/11\/hero_leine.jpg 1350w, https:\/\/www.waves.fashion\/wp-content\/uploads\/2020\/11\/hero_leine-768x105.jpg 768w\" sizes=\"auto, (max-width: 1350px) 100vw, 1350px\" \/><\/figure>\n","protected":false},"excerpt":{"rendered":"<p>Vous trouverez ici les questions les plus fr\u00e9quemment pos\u00e9es sur Waves ! Il te manque des informations ou tu as une question ? N\u2019h\u00e9sites pas \u00e0 nous contacter via notre formulaire de contact, ainsi nous pouvons partager ici plus de questions int\u00e9ressantes pour toi et la communaut\u00e9. Quelle [&hellip;]<\/p>\n","protected":false},"author":3,"featured_media":0,"parent":1256,"menu_order":0,"comment_status":"closed","ping_status":"closed","template":"","meta":{"_acf_changed":false,"footnotes":""},"class_list":["post-1350","page","type-page","status-publish","hentry"],"acf":[],"_links":{"self":[{"href":"https:\/\/www.waves.fashion\/fr\/wp-json\/wp\/v2\/pages\/1350","targetHints":{"allow":["GET"]}}],"collection":[{"href":"https:\/\/www.waves.fashion\/fr\/wp-json\/wp\/v2\/pages"}],"about":[{"href":"https:\/\/www.waves.fashion\/fr\/wp-json\/wp\/v2\/types\/page"}],"author":[{"embeddable":true,"href":"https:\/\/www.waves.fashion\/fr\/wp-json\/wp\/v2\/users\/3"}],"replies":[{"embeddable":true,"href":"https:\/\/www.waves.fashion\/fr\/wp-json\/wp\/v2\/comments?post=1350"}],"version-history":[{"count":3,"href":"https:\/\/www.waves.fashion\/fr\/wp-json\/wp\/v2\/pages\/1350\/revisions"}],"predecessor-version":[{"id":1436,"href":"https:\/\/www.waves.fashion\/fr\/wp-json\/wp\/v2\/pages\/1350\/revisions\/1436"}],"up":[{"embeddable":true,"href":"https:\/\/www.waves.fashion\/fr\/wp-json\/wp\/v2\/pages\/1256"}],"wp:attachment":[{"href":"https:\/\/www.waves.fashion\/fr\/wp-json\/wp\/v2\/media?parent=1350"}],"curies":[{"name":"wp","href":"https:\/\/api.w.org\/{rel}","templated":true}]}}