{"id":1352,"date":"2020-11-24T17:21:36","date_gmt":"2020-11-24T16:21:36","guid":{"rendered":"https:\/\/www.waves.fashion\/waves\/recyclage\/"},"modified":"2020-12-02T14:15:48","modified_gmt":"2020-12-02T13:15:48","slug":"recyclage","status":"publish","type":"page","link":"https:\/\/www.waves.fashion\/fr\/waves\/recyclage\/","title":{"rendered":"Recyclage"},"content":{"rendered":"\n<div class=\"wp-block-columns is-layout-flex wp-container-core-columns-is-layout-9d6595d7 wp-block-columns-is-layout-flex\">\n<div class=\"wp-block-column is-layout-flow wp-block-column-is-layout-flow\" style=\"flex-basis:33.33%\">\n<figure class=\"wp-block-image size-large\"><img loading=\"lazy\" decoding=\"async\" width=\"384\" height=\"384\" src=\"https:\/\/www.waves.fashion\/wp-content\/uploads\/2020\/11\/recycling.jpg\" alt=\"Recyclage\" class=\"wp-image-524\" srcset=\"https:\/\/www.waves.fashion\/wp-content\/uploads\/2020\/11\/recycling.jpg 384w, https:\/\/www.waves.fashion\/wp-content\/uploads\/2020\/11\/recycling-150x150.jpg 150w\" sizes=\"auto, (max-width: 384px) 100vw, 384px\" \/><\/figure>\n\n\n\n<figure class=\"wp-block-image size-large\"><img loading=\"lazy\" decoding=\"async\" width=\"384\" height=\"384\" src=\"https:\/\/www.waves.fashion\/wp-content\/uploads\/2020\/11\/fuesse-.jpg\" alt=\"\" class=\"wp-image-753\" srcset=\"https:\/\/www.waves.fashion\/wp-content\/uploads\/2020\/11\/fuesse-.jpg 384w, https:\/\/www.waves.fashion\/wp-content\/uploads\/2020\/11\/fuesse--150x150.jpg 150w\" sizes=\"auto, (max-width: 384px) 100vw, 384px\" \/><\/figure>\n<\/div>\n\n\n\n<div class=\"wp-block-column is-layout-flow wp-block-column-is-layout-flow\" style=\"flex-basis:66.66%\">\n<h2 class=\"wp-block-heading\"><strong>Pourquoi nous sommes meilleurs que les tongs traditionnelles issues du recyclage\u00a0?<\/strong><\/h2>\n\n\n\n<p>Les chaussures issues du recyclage sont fabriqu\u00e9es en plastique, qui \u00e9tait autrefois utilis\u00e9 pour autre chose. Les pots de jardin, les sacs plastique, les sacs poubelle sont habituellement transform\u00e9s et recycl\u00e9s en chaussures.<\/p>\n\n\n\n<p>Le probl\u00e8me avec les plastiques recycl\u00e9s c\u2019est qu\u2019ils ne sont pas une v\u00e9ritable solution durable pour la crise plan\u00e9taire du plastique. Nous louons le fait que des entreprises r\u00e9utilisent le plastique dont les consommateurs n\u2019ont plus besoin, cependant ce plastique finira un jour par retrouver le chemin de la d\u00e9charge. Le chemin est soit, plus difficile, mais le r\u00e9sultat est le m\u00eame.<\/p>\n\n\n\n<p>Nos Waves sont diff\u00e9rentes. Nous n\u2019utilisons aucun plastique recycl\u00e9 pour produire nos chaussures. Au lieu de cela, nous les fabriquons 100 % en caoutchouc, qui est biod\u00e9gradable.<\/p>\n\n\n\n<p>De cette fa\u00e7on, nous sommes persuad\u00e9s que nos Waves sont meilleures pour l\u2019environnement que les tongs classiques en plastique recycl\u00e9. Elles \u00e9liminent le risque que le plastique se retrouve dans notre environnement naturel. <\/p>\n\n\n\n<p>Comprends-nous bien, nous recyclons tout de m\u00eame !<\/p>\n\n\n\n<p>Cela ne veut pas dire que nous ne recyclons pas du tout, car nous recyclons !<\/p>\n\n\n\n<p>On ne recycle pas seulement le plastique, mais aussi le caoutchouc. Nous utilisons les chutes de caoutchouc g\u00e9n\u00e9r\u00e9es lors de la production de nos Waves et les granulons. Ainsi, elles sont retransform\u00e9es en produits.<\/p>\n\n\n\n<p>Comme tu, nous prenons l\u2019environnement \u00e0 c\u0153ur et faisons tout ce qui est en notre pouvoir pour fabriquer des produits avec le minimum de r\u00e9percussions pour l\u2019environnement possible.<\/p>\n\n\n\n<p>Le recyclage est une part importante de notre activit\u00e9. Cela se diff\u00e9rencie juste un peu de L\u2019art du recyclage du plastique, que vous connaissez peut-\u00eatre d\u00e9j\u00e0. Nous croyons que si vous \u00eates une personne responsable de l\u2019environnement, il n\u2019existe pas de meilleur choix pour vous que nos Waves. <\/p>\n\n\n\n<p>Peu importe le mod\u00e8le pour lequel tu craques, tu peux \u00eatre s\u00fbr, que tu as choisi plus qu\u2019une simple chaussure issue du recyclage. <\/p>\n\n\n\n<p><em>Pourquoi le caoutchouc naturel est bien meilleur que les plastiques recycl\u00e9s<\/em><\/p>\n\n\n\n<p>Nous utilisons du caoutchouc naturel pour la production de nos chaussures. Tout cela pour les propri\u00e9t\u00e9s exceptionnelles qu\u2019il poss\u00e8de. <\/p>\n\n\n\n<p>En g\u00e9n\u00e9ral, il y a deux sortes de polym\u00e8res : les naturels et les synth\u00e9tiques. Le caoutchouc naturel appartient aux polym\u00e8res naturels, pendant que toutes les mati\u00e8res plastiques sont des polym\u00e8res synth\u00e9tiques issus du p\u00e9trole, comme le PET et le PVC. <\/p>\n\n\n\n<p>Le caoutchouc naturel est r\u00e9colt\u00e9 de diff\u00e9rentes sortes d\u2019arbres et se trouve sous forme de liquide laiteux. Le polym\u00e8re brut est un m\u00e9lange d\u2019isopr\u00e8ne. Lors du traitement, les impuret\u00e9s sont \u00e9limin\u00e9es et l\u2019isopr\u00e8ne est travaill\u00e9 en longues cha\u00eenes de mol\u00e9cules, ce qui conf\u00e8re au caoutchouc, ses propri\u00e9t\u00e9s. <\/p>\n\n\n\n<p>Les propri\u00e9t\u00e9s de cette cha\u00eene chimique de mol\u00e9cules font de cette chaussure en caoutchouc naturel un produit bien mieux support\u00e9 par l\u2019environnement que le plastique recycl\u00e9. Les bact\u00e9ries et autres organismes ont des propri\u00e9t\u00e9s chimiques, peuvent s\u00e9parer les connexions entre les cha\u00eenes mol\u00e9culaires de l\u2019isopr\u00e8ne, en traitant les composantes du caoutchouc et les transforment en d\u00e9chets non nocifs pour l\u2019environnement. <\/p>\n\n\n\n<p>Ce n\u2019est pas la m\u00eame chose pour les mati\u00e8res plastiques synth\u00e9tiques ou le caoutchouc synth\u00e9tique. Les microorganismes ne peuvent pas d\u00e9truire leurs connexions chimiques, ce qui veut dire que de gros fragments de plastique peuvent survivre des centaines d\u2019ann\u00e9es dans la nature, tout comme les microplastiques et les d\u00e9chets p\u00e9troles, qui finissent toujours par trouver leur chemin vers les oc\u00e9ans. <\/p>\n<\/div>\n<\/div>\n","protected":false},"excerpt":{"rendered":"<p>Pourquoi nous sommes meilleurs que les tongs traditionnelles issues du recyclage\u00a0? Les chaussures issues du recyclage sont fabriqu\u00e9es en plastique, qui \u00e9tait autrefois utilis\u00e9 pour autre chose. Les pots de jardin, les sacs plastique, les sacs poubelle sont habituellement transform\u00e9s et recycl\u00e9s en chaussures. Le probl\u00e8me avec les [&hellip;]<\/p>\n","protected":false},"author":3,"featured_media":0,"parent":1256,"menu_order":0,"comment_status":"closed","ping_status":"closed","template":"","meta":{"_acf_changed":false,"footnotes":""},"class_list":["post-1352","page","type-page","status-publish","hentry"],"acf":[],"_links":{"self":[{"href":"https:\/\/www.waves.fashion\/fr\/wp-json\/wp\/v2\/pages\/1352","targetHints":{"allow":["GET"]}}],"collection":[{"href":"https:\/\/www.waves.fashion\/fr\/wp-json\/wp\/v2\/pages"}],"about":[{"href":"https:\/\/www.waves.fashion\/fr\/wp-json\/wp\/v2\/types\/page"}],"author":[{"embeddable":true,"href":"https:\/\/www.waves.fashion\/fr\/wp-json\/wp\/v2\/users\/3"}],"replies":[{"embeddable":true,"href":"https:\/\/www.waves.fashion\/fr\/wp-json\/wp\/v2\/comments?post=1352"}],"version-history":[{"count":2,"href":"https:\/\/www.waves.fashion\/fr\/wp-json\/wp\/v2\/pages\/1352\/revisions"}],"predecessor-version":[{"id":1425,"href":"https:\/\/www.waves.fashion\/fr\/wp-json\/wp\/v2\/pages\/1352\/revisions\/1425"}],"up":[{"embeddable":true,"href":"https:\/\/www.waves.fashion\/fr\/wp-json\/wp\/v2\/pages\/1256"}],"wp:attachment":[{"href":"https:\/\/www.waves.fashion\/fr\/wp-json\/wp\/v2\/media?parent=1352"}],"curies":[{"name":"wp","href":"https:\/\/api.w.org\/{rel}","templated":true}]}}