{"id":1354,"date":"2020-11-24T17:21:51","date_gmt":"2020-11-24T16:21:51","guid":{"rendered":"https:\/\/www.waves.fashion\/waves\/a-propos-de-nous\/"},"modified":"2020-12-03T10:23:21","modified_gmt":"2020-12-03T09:23:21","slug":"a-propos-de-nous","status":"publish","type":"page","link":"https:\/\/www.waves.fashion\/fr\/waves\/a-propos-de-nous\/","title":{"rendered":"\u00c0 propos de nous"},"content":{"rendered":"\n<div class=\"wp-block-columns is-layout-flex wp-container-core-columns-is-layout-9d6595d7 wp-block-columns-is-layout-flex\">\n<div class=\"wp-block-column is-layout-flow wp-block-column-is-layout-flow\" style=\"flex-basis:33.33%\">\n<figure class=\"wp-block-image size-large\"><img loading=\"lazy\" decoding=\"async\" width=\"384\" height=\"384\" src=\"https:\/\/www.waves.fashion\/wp-content\/uploads\/2020\/11\/ueber-uns-1.jpg\" alt=\"\" class=\"wp-image-558\" srcset=\"https:\/\/www.waves.fashion\/wp-content\/uploads\/2020\/11\/ueber-uns-1.jpg 384w, https:\/\/www.waves.fashion\/wp-content\/uploads\/2020\/11\/ueber-uns-1-150x150.jpg 150w\" sizes=\"auto, (max-width: 384px) 100vw, 384px\" \/><\/figure>\n\n\n\n<figure class=\"wp-block-image size-large\"><img loading=\"lazy\" decoding=\"async\" width=\"384\" height=\"205\" src=\"https:\/\/www.waves.fashion\/wp-content\/uploads\/2020\/11\/Tapperin.jpg\" alt=\"\" class=\"wp-image-914\"\/><\/figure>\n<\/div>\n\n\n\n<div class=\"wp-block-column is-layout-flow wp-block-column-is-layout-flow\" style=\"flex-basis:66.66%\">\n<h2 class=\"wp-block-heading\">Que se cache-t-il derri\u00e8re le concept Waves ?<\/h2>\n\n\n\n<p>WAVES est une collection de tongs rigolotes, \u00e9l\u00e9gantes et aux couleurs chatoyantes venant du Sri Lanka et qui tient son nom de la beaut\u00e9 du Sri Lanka.<\/p>\n\n\n\n<p>Les mati\u00e8res premi\u00e8res utilis\u00e9es pour la fabrication des Waves sont s\u00e9lectionn\u00e9s avec soin pour ne pas laisser de traces sur la nature. C\u2019est pour cela que les Waves sont exclusivement fabriqu\u00e9es en caoutchouc naturel ski lankais. Ce caoutchouc est r\u00e9colt\u00e9, trait\u00e9 et transform\u00e9 en chaussures confortables.&#13;\nAinsi, les Waves sont l\u2019une des rares chaussures au monde \u00e0 \u00eatre en pur caoutchouc naturel. Les tongs classiques repr\u00e9sentent une part massive des d\u00e9chets plastiques qui finissent dans nos oc\u00e9ans, les Waves au contraire, s\u2019\u00e9tablissent en accord avec la nature, qui nous nourrit tous.<\/p>\n\n\n\n<p>Avec la fabrication des tongs Waves, les personnes au Sri Lanka sont impliqu\u00e9s \u00e0 diff\u00e9rent niveaux. Avec nos agriculteurs, recueilleurs, techniciens et artisans, les Waves repr\u00e9sentent les plus belles facettes du peuple sri lankais. Notre caoutchouc provient de plantations lointaines qui donnent du travail aux gens des villages voisins. Notre \u00e9quipe vous offre le meilleur du Sri Lanka en partant des agriculteurs souriants, qui r\u00e9coltent le caoutchouc avec soin selon les m\u00e9thodes traditionnelles, mais aussi \u00e0 l\u2019aide de la nouvelle technologie, en passant par les recueilleurs, qui viennent souvent de familles qui exercent le m\u00eame m\u00e9tier sur plusieurs g\u00e9n\u00e9rations et sont donc professionnels dans cet artisanat, jusqu\u2019\u00e0 nos techniciens et designers, qui se soucient de l\u2019esth\u00e9tique du produit sans entraver le confort et offrent une qualit\u00e9 exceptionnelle. Notre \u00e9quipe Waves est tr\u00e8s fi\u00e8re de leur offrir un emploi, ce qui aide les individus et leurs familles \u00e0 d\u00e9couvrir de nouvelles possibilit\u00e9s insoup\u00e7onn\u00e9es.<\/p>\n\n\n\n<p>C\u2019est tout cela qui rend le port des Waves tellement riche, bien plus qu\u2019une simple paire de tongs ne pourrait vous offrir. Avec l\u2019achat d\u2019une paire de Waves, vous soutenez ce paysage paradisiaque avec son histoire exceptionnelle, sa faune et sa flore et ses habitants.<\/p>\n\n\n\n<p>En portant une paire de Waves, vous vous engagez \u00e0 prot\u00e9ger la nature. En portant une paire de Waves, vous changez la vie de beaucoup de personnes au Sri Lanka, des agriculteurs, aux producteurs en passant par les cueilleurs et les aidez \u00e0 s\u00e9curiser leur existence.<\/p>\n\n\n\n<p>En portant une paire de Waves, vous faites la diff\u00e9rence !<\/p>\n<\/div>\n<\/div>\n\n<p><\/p>\n","protected":false},"excerpt":{"rendered":"<p>Que se cache-t-il derri\u00e8re le concept Waves ? WAVES est une collection de tongs rigolotes, \u00e9l\u00e9gantes et aux couleurs chatoyantes venant du Sri Lanka et qui tient son nom de la beaut\u00e9 du Sri Lanka. Les mati\u00e8res premi\u00e8res utilis\u00e9es pour la fabrication des Waves sont s\u00e9lectionn\u00e9s avec soin [&hellip;]<\/p>\n","protected":false},"author":3,"featured_media":0,"parent":1256,"menu_order":0,"comment_status":"closed","ping_status":"closed","template":"","meta":{"_acf_changed":false,"footnotes":""},"class_list":["post-1354","page","type-page","status-publish","hentry"],"acf":[],"_links":{"self":[{"href":"https:\/\/www.waves.fashion\/fr\/wp-json\/wp\/v2\/pages\/1354","targetHints":{"allow":["GET"]}}],"collection":[{"href":"https:\/\/www.waves.fashion\/fr\/wp-json\/wp\/v2\/pages"}],"about":[{"href":"https:\/\/www.waves.fashion\/fr\/wp-json\/wp\/v2\/types\/page"}],"author":[{"embeddable":true,"href":"https:\/\/www.waves.fashion\/fr\/wp-json\/wp\/v2\/users\/3"}],"replies":[{"embeddable":true,"href":"https:\/\/www.waves.fashion\/fr\/wp-json\/wp\/v2\/comments?post=1354"}],"version-history":[{"count":2,"href":"https:\/\/www.waves.fashion\/fr\/wp-json\/wp\/v2\/pages\/1354\/revisions"}],"predecessor-version":[{"id":1432,"href":"https:\/\/www.waves.fashion\/fr\/wp-json\/wp\/v2\/pages\/1354\/revisions\/1432"}],"up":[{"embeddable":true,"href":"https:\/\/www.waves.fashion\/fr\/wp-json\/wp\/v2\/pages\/1256"}],"wp:attachment":[{"href":"https:\/\/www.waves.fashion\/fr\/wp-json\/wp\/v2\/media?parent=1354"}],"curies":[{"name":"wp","href":"https:\/\/api.w.org\/{rel}","templated":true}]}}