{"id":1356,"date":"2020-11-24T17:22:11","date_gmt":"2020-11-24T16:22:11","guid":{"rendered":"https:\/\/www.waves.fashion\/waves\/we-love-rubber\/"},"modified":"2020-12-03T10:35:40","modified_gmt":"2020-12-03T09:35:40","slug":"we-love-rubber","status":"publish","type":"page","link":"https:\/\/www.waves.fashion\/fr\/waves\/we-love-rubber\/","title":{"rendered":"We \ud83e\udde1 Rubber"},"content":{"rendered":"\n<div class=\"wp-block-columns is-layout-flex wp-container-core-columns-is-layout-9d6595d7 wp-block-columns-is-layout-flex\">\n<div class=\"wp-block-column is-layout-flow wp-block-column-is-layout-flow\" style=\"flex-basis:33.33%\">\n<figure class=\"wp-block-image size-large\"><img loading=\"lazy\" decoding=\"async\" width=\"384\" height=\"384\" src=\"https:\/\/www.waves.fashion\/wp-content\/uploads\/2020\/11\/vegan.jpg\" alt=\"V&#xE9;gane\" class=\"wp-image-526\" srcset=\"https:\/\/www.waves.fashion\/wp-content\/uploads\/2020\/11\/vegan.jpg 384w, https:\/\/www.waves.fashion\/wp-content\/uploads\/2020\/11\/vegan-150x150.jpg 150w\" sizes=\"auto, (max-width: 384px) 100vw, 384px\" \/><\/figure>\n\n\n\n<figure class=\"wp-block-image size-large\"><img loading=\"lazy\" decoding=\"async\" width=\"384\" height=\"384\" src=\"https:\/\/www.waves.fashion\/wp-content\/uploads\/2020\/11\/fuesse2.jpg\" alt=\"\" class=\"wp-image-731\" srcset=\"https:\/\/www.waves.fashion\/wp-content\/uploads\/2020\/11\/fuesse2.jpg 384w, https:\/\/www.waves.fashion\/wp-content\/uploads\/2020\/11\/fuesse2-150x150.jpg 150w\" sizes=\"auto, (max-width: 384px) 100vw, 384px\" \/><\/figure>\n<\/div>\n\n\n\n<div class=\"wp-block-column is-layout-flow wp-block-column-is-layout-flow\" style=\"flex-basis:66.66%\">\n<h2 class=\"wp-block-heading\"><strong>Haut confort gr\u00e2ce au caoutchouc naturel<\/strong><\/h2>\n\n\n\n<p>Il n\u2019y a rien de plus g\u00eanant qu\u2019une paire de tongs qui irrite la peau par frottement en l\u2019espace de quelques secondes, n\u2019est-ce pas ? Nous comprenons bien ce probl\u00e8me et c\u2019est pour cela que nous produisons des chaussures en prenant en compte le confort de nos clients. Notre caoutchouc naturel est exceptionnel pour l\u2019environnement, mais il est exceptionnel aussi pour tes pieds. Le mat\u00e9riau l\u00e9ger et spongieux s\u2019adapte naturellement \u00e0 la forme de ton pied. Gr\u00e2ce \u00e0 ce mat\u00e9riau, fini les ampoules douloureuses entre vos doigts de pied.<\/p>\n\n\n\n<p>R\u00e9sistance<\/p>\n\n\n\n<p>Le caoutchouc naturel est spongieux. Ce qui conf\u00e8re \u00e0 nos Waves un bon confort et port. De plus, il est r\u00e9sistant et tient t\u00eate aux pires tiraillements.<\/p>\n\n\n\n<p>L\u00e9ger et souple<\/p>\n\n\n\n<p>Le caoutchouc naturel provient du caoutchoutier. Ce mat\u00e9riau souple, nous le travaillons et nous assurons qu\u2019il offre un bon confort. Tu vas \u00e0 peine remarquer, que tu portes des chaussures !<\/p>\n\n\n\n<p><em>S\u2019adapte, aussi unique que toi<\/em>&#13;\n&#13;\nLe mat\u00e9riau souple caoutchouc naturel a une intelligence technologique de nature et s\u2019adapte parfaitement \u00e0 tes pieds ! Cela veut dire que le caoutchouc \u00e9pouse parfaitement la forme de ton pied et donc t&rsquo;offre tout le soutien n\u00e9cessaire. De plus, le mat\u00e9riau \u00e9pouse la forme de tes doigts de pied, ce qui r\u00e9duit encore le risque de frottements entre tes orteils.<\/p>\n<\/div>\n<\/div>\n","protected":false},"excerpt":{"rendered":"<p>Haut confort gr\u00e2ce au caoutchouc naturel Il n\u2019y a rien de plus g\u00eanant qu\u2019une paire de tongs qui irrite la peau par frottement en l\u2019espace de quelques secondes, n\u2019est-ce pas ? Nous comprenons bien ce probl\u00e8me et c\u2019est pour cela que nous produisons des chaussures en prenant en [&hellip;]<\/p>\n","protected":false},"author":3,"featured_media":0,"parent":1256,"menu_order":0,"comment_status":"closed","ping_status":"closed","template":"","meta":{"_acf_changed":false,"footnotes":""},"class_list":["post-1356","page","type-page","status-publish","hentry"],"acf":[],"_links":{"self":[{"href":"https:\/\/www.waves.fashion\/fr\/wp-json\/wp\/v2\/pages\/1356","targetHints":{"allow":["GET"]}}],"collection":[{"href":"https:\/\/www.waves.fashion\/fr\/wp-json\/wp\/v2\/pages"}],"about":[{"href":"https:\/\/www.waves.fashion\/fr\/wp-json\/wp\/v2\/types\/page"}],"author":[{"embeddable":true,"href":"https:\/\/www.waves.fashion\/fr\/wp-json\/wp\/v2\/users\/3"}],"replies":[{"embeddable":true,"href":"https:\/\/www.waves.fashion\/fr\/wp-json\/wp\/v2\/comments?post=1356"}],"version-history":[{"count":2,"href":"https:\/\/www.waves.fashion\/fr\/wp-json\/wp\/v2\/pages\/1356\/revisions"}],"predecessor-version":[{"id":1433,"href":"https:\/\/www.waves.fashion\/fr\/wp-json\/wp\/v2\/pages\/1356\/revisions\/1433"}],"up":[{"embeddable":true,"href":"https:\/\/www.waves.fashion\/fr\/wp-json\/wp\/v2\/pages\/1256"}],"wp:attachment":[{"href":"https:\/\/www.waves.fashion\/fr\/wp-json\/wp\/v2\/media?parent=1356"}],"curies":[{"name":"wp","href":"https:\/\/api.w.org\/{rel}","templated":true}]}}